{"id":527,"date":"2022-08-18T13:00:34","date_gmt":"2022-08-18T11:00:34","guid":{"rendered":"https:\/\/www.avocat-brukhnova.com\/?page_id=527"},"modified":"2022-10-07T12:15:30","modified_gmt":"2022-10-07T10:15:30","slug":"droit-de-la-famille","status":"publish","type":"page","link":"https:\/\/www.avocat-brukhnova.com\/?page_id=527","title":{"rendered":"Droit de la famille"},"content":{"rendered":"<p>[vc_row full_width=\u00a0\u00bbstretch_row\u00a0\u00bb][vc_column]\n\t\t<div class=\"bg--primary imagebg height-40\" data-overlay=\"9\">\n\t\t\t<div class=\"background-image-holder\">\n\t\t\t\t<img width=\"1200\" height=\"1200\" src=\"https:\/\/www.avocat-brukhnova.com\/wp-content\/uploads\/avocat-famille-.jpg\" class=\"attachment-full size-full\" alt=\"avocat en droit de la famille \u00e0 Strasbourg\" decoding=\"async\" loading=\"lazy\" srcset=\"https:\/\/www.avocat-brukhnova.com\/wp-content\/uploads\/avocat-famille-.jpg 1200w, https:\/\/www.avocat-brukhnova.com\/wp-content\/uploads\/avocat-famille--300x300.jpg 300w, https:\/\/www.avocat-brukhnova.com\/wp-content\/uploads\/avocat-famille--1024x1024.jpg 1024w, https:\/\/www.avocat-brukhnova.com\/wp-content\/uploads\/avocat-famille--150x150.jpg 150w, https:\/\/www.avocat-brukhnova.com\/wp-content\/uploads\/avocat-famille--768x768.jpg 768w, https:\/\/www.avocat-brukhnova.com\/wp-content\/uploads\/avocat-famille--60x60.jpg 60w\" sizes=\"(max-width: 1200px) 100vw, 1200px\" \/>\n\t\t\t<\/div>\n\t\t\t<div class=\"container pos-vertical-center\">\n\t\t\t\t<div class=\"row\">\n\t\t\t\t\t<div class=\"col-sm-12 wpb_text_column\">\n\t\t\t\t\t\t<\/p>\n<h1>Droit de la famille \u00e0 Strasbourg<\/h1>\n<p>\n\t\t\t\t\t<\/div>\n\t\t\t\t<\/div><!--end of row-->\n\t\t\t<\/div><!--end of container-->\n\t\t<\/div>\n\t[\/vc_column][\/vc_row][vc_row css=\u00a0\u00bb.vc_custom_1461592412245{padding-bottom: 0px !important;background-color: #e9ebee !important;}\u00a0\u00bb][vc_column width=\u00a0\u00bb5\/12&Prime;][vc_empty_space height=\u00a0\u00bb70px\u00a0\u00bb][vc_column_text]<\/p>\n<h2 style=\"font-size: 32px;\">Ma\u00eetre Karyna Brukhnova<\/h2>\n<p><strong>Ma\u00eetre Karyna Brukhnova avocat en droit de la famille \u00e0 Strasbourg, vous accueille au sein de son cabinet pour la prise en charge de toutes vos affaires relatives au droit de la famille<\/strong>. Elle vous assiste et vous repr\u00e9sente dans les diff\u00e9rentes d\u00e9marches juridiques.<\/p>\n<p>Votre avocat au barreau de Strasbourg vous d\u00e9fend dans tous les diff\u00e9rends que vous rencontrez suite \u00e0 une s\u00e9paration (divorce \u00e0 l\u2019amiable ou divorce contentieux, fixation de pension alimentaire, garde des enfants\u2026).<\/p>\n<p><strong>Ma\u00eetre Karyna Brukhnova sait pertinemment que le droit de la famille se pr\u00e9sente comme une mati\u00e8re aux enjeux lourds o\u00f9 l\u2019affectif est pr\u00e9sent en permanence<\/strong>. Votre avocat se charge de votre dossier et sera \u00e0 vos c\u00f4t\u00e9s pour vous apporter tout le soutien n\u00e9cessaire tout au long de la proc\u00e9dure dans laquelle vous \u00eates engag\u00e9.<\/p>\n<p><strong>Le droit de la famille a pour but premier de r\u00e9soudre divers conflits survenus au sein d\u2019une famille.\u00a0<\/strong>Ma\u00eetre Karyna Brukhnova vous assistera dans le cadre de diff\u00e9rentes proc\u00e9dures, telles que le divorce, le partage, la mise en place des modalit\u00e9s de prise en charge des enfants apr\u00e8s la s\u00e9paration, l\u2019adoption, le changement de l\u2019\u00e9tat civil etc.[\/vc_column_text][\/vc_column][vc_column width=\u00a0\u00bb1\/12&Prime;][\/vc_column][vc_column width=\u00a0\u00bb1\/2&Prime;]\n\t\t<div class=\"boxed imagebg text-center stat-simple height-80\" data-overlay=\"7\">\n\t\t\t<div class=\"background-image-holder\">\n\t\t\t\t<img width=\"702\" height=\"1024\" src=\"https:\/\/www.avocat-brukhnova.com\/wp-content\/uploads\/avocat-penal-02-702x1024.jpg\" class=\"attachment-large size-large\" alt=\"avocat en droit de la famille \u00e0 Strasbourg\" decoding=\"async\" loading=\"lazy\" srcset=\"https:\/\/www.avocat-brukhnova.com\/wp-content\/uploads\/avocat-penal-02-702x1024.jpg 702w, https:\/\/www.avocat-brukhnova.com\/wp-content\/uploads\/avocat-penal-02-206x300.jpg 206w, https:\/\/www.avocat-brukhnova.com\/wp-content\/uploads\/avocat-penal-02-768x1120.jpg 768w, https:\/\/www.avocat-brukhnova.com\/wp-content\/uploads\/avocat-penal-02.jpg 823w\" sizes=\"(max-width: 702px) 100vw, 702px\" \/>\n\t\t\t<\/div>\n\t\t\t<span class=\"h1 color--white\">\n\t\t\t\t\n\t\t\t<\/span>\n\t\t\t\n\t\t<\/div>\n\t[\/vc_column][\/vc_row][vc_row hover_title=\u00a0\u00bbCTA &#8211; Text + Subheading\u00a0\u00bb css=\u00a0\u00bb.vc_custom_1660822149693{margin-top: 50px !important;margin-bottom: 50px !important;}\u00a0\u00bb][vc_column][vc_column_text]<\/p>\n<h2 style=\"text-align: center;\">L\u2019importance de recourir \u00e0 un avocat en droit de la famille \u00e0 Strasbourg<\/h2>\n<p style=\"text-align: center;\">Forte de ses connaissances pratiques en mati\u00e8re de droit de la famille, acquises notamment lors de son stage au sein de la chambre de la famille du Tribunal de Strasbourg, Ma\u00eetre Karyna Brukhnova vous propose son assistance tant pour n\u00e9gocier et formaliser un accord amiable que pour d\u00e9fendre vos int\u00e9r\u00eats dans le cadre d\u2019une proc\u00e9dure contentieuse. <strong>Elle saura vous apporter des conseils adapt\u00e9s \u00e0 votre situation, et ce conform\u00e9ment \u00e0 la loi afin de vous offrir les meilleures strat\u00e9gies pour faire valoir vos droits.<\/strong> A votre \u00e9coute, elle vous fournit des solutions personnalis\u00e9es et sur-mesure pour r\u00e9soudre tout conflit d\u2019ordre familial.<\/p>\n<p style=\"text-align: center;\">Qu\u2019il s\u2019agisse d\u2019un divorce, d\u2019un partage\u2026 votre avocat en droit de la famille vous accompagne pour traverser cette proc\u00e9dure, souvent conflictuelle et douloureuse, tout en pr\u00e9servant vos int\u00e9r\u00eats.<\/p>\n<p style=\"text-align: center;\"><strong>Ma\u00eetre Karyna Brukhnova se charge \u00e0 mener \u00e0 bien toute action devant les tribunaux fran\u00e7ais.<\/strong><\/p>\n<p style=\"text-align: center;\">Alliant expertise et savoir-faire, elle met tout en \u0153uvre pour obtenir gain de cause. Quelle que soit la complexit\u00e9 de votre affaire, votre avocat saura prot\u00e9ger efficacement vos int\u00e9r\u00eats.<\/p>\n<p style=\"text-align: center;\"><a class=\"btn\" href=\"\/contact\">Contact<\/a><\/p>\n<p>[\/vc_column_text][\/vc_column][\/vc_row][vc_row el_class=\u00a0\u00bbbg&#8211;primary section&#8211;pullup\u00a0\u00bb css=\u00a0\u00bb.vc_custom_1461593458900{padding-top: 125px !important;padding-bottom: 200px !important;}\u00a0\u00bb][vc_column width=\u00a0\u00bb1\/6&Prime;][\/vc_column][vc_column width=\u00a0\u00bb2\/3&Prime;][vc_column_text]<\/p>\n<h2 style=\"text-align: center;\">Quels sont les domaines d&rsquo;intervention de votre avocat ?<\/h2>\n<p>[\/vc_column_text][vc_empty_space height=\u00a0\u00bb80px\u00a0\u00bb]<div class=\"tabs-container\"><ul class=\"tabs text-center\">\n\t\t<li>\n\t\t\t<div class=\"tab__title\">\n\t\t\t\t<i class=\"icon--partner icon-browser\"><\/i>\n\t\t\t\t<div class=\"ttl\"><\/div class=\"ttl\">\n\t\t\t<\/div>\n\t\t\t<div class=\"tab__content\">\n\t\t\t\t<\/p>\n<p style=\"text-align: center;\"><strong>Le cabinet d\u2019avocat de Ma\u00eetre Karyna Brukhnova vous accompagne de A \u00e0 Z dans les diff\u00e9rents aspects de votre vie familiale et patrimoniale<\/strong>.<\/p>\n<p>\n\t\n\t\t\t<\/div>\n\t\t<\/li>\n\t<\/ul><\/div>[vc_empty_space][vc_column_text]<\/p>\n<hr \/>\n<p>[\/vc_column_text][\/vc_column][vc_column width=\u00a0\u00bb1\/6&Prime;][\/vc_column][\/vc_row][vc_row css=\u00a0\u00bb.vc_custom_1660821369507{background-color: #ffffff !important;background-position: center !important;background-repeat: no-repeat !important;background-size: cover !important;}\u00a0\u00bb][vc_column width=\u00a0\u00bb1\/6&Prime;][\/vc_column][vc_column width=\u00a0\u00bb2\/3&Prime; css=\u00a0\u00bb.vc_custom_1660821575320{margin-top: -100px !important;padding-top: 20px !important;padding-right: 20px !important;padding-bottom: 20px !important;padding-left: 20px !important;background-color: #ffffff !important;}\u00a0\u00bb][vc_column_text css=\u00a0\u00bb.vc_custom_1663671423431{padding-top: 20px !important;padding-bottom: 20px !important;}\u00a0\u00bb]<\/p>\n<p style=\"text-align: center;\"><strong>\u00a0Votre avocat intervient pour des dossiers de\u00a0:<\/strong><\/p>\n<p>[\/vc_column_text][vc_row_inner][vc_column_inner width=\u00a0\u00bb1\/2&Prime;][vc_column_text]<\/p>\n<ul>\n<li>Divorce (divorce par consentement mutuel ou divorce contentieux)<\/li>\n<li>Garde des enfants et mise en place d\u2019un droit de visite et d\u2019h\u00e9bergement<\/li>\n<li>Pension alimentaire<\/li>\n<li>Recherche de paternit\u00e9<\/li>\n<li>Prestation compensatoire<\/li>\n<\/ul>\n<p>[\/vc_column_text][\/vc_column_inner][vc_column_inner width=\u00a0\u00bb1\/2&Prime;][vc_column_text]<\/p>\n<ul>\n<li>Liquidation du r\u00e9gime matrimonial<\/li>\n<li>Dissolution d\u2019un PACS<\/li>\n<li>Changement de nom<\/li>\n<li>Droit de visite des grands-parents<\/li>\n<li>Adoption etc.<\/li>\n<\/ul>\n<p>[\/vc_column_text][\/vc_column_inner][\/vc_row_inner][\/vc_column][vc_column width=\u00a0\u00bb1\/6&Prime;][\/vc_column][\/vc_row][vc_row css=\u00a0\u00bb.vc_custom_1461592591262{padding: 0px !important;}\u00a0\u00bb][vc_column][\/vc_column][\/vc_row]<\/p>\n","protected":false},"excerpt":{"rendered":"<p>[vc_row full_width=\u00a0\u00bbstretch_row\u00a0\u00bb][vc_column][\/vc_column][\/vc_row][vc_row css=\u00a0\u00bb.vc_custom_1461592412245{padding-bottom: 0px !important;background-color: #e9ebee !important;}\u00a0\u00bb][vc_column width=\u00a0\u00bb5\/12&Prime;][vc_empty_space height=\u00a0\u00bb70px\u00a0\u00bb][vc_column_text] Ma\u00eetre Karyna Brukhnova Ma\u00eetre Karyna Brukhnova avocat en droit de la famille \u00e0 Strasbourg, vous accueille au sein de son cabinet pour la prise en charge de toutes vos affaires relatives au droit de la famille. Elle vous assiste et vous repr\u00e9sente dans les diff\u00e9rentes d\u00e9marches [&hellip;]<\/p>\n","protected":false},"author":1,"featured_media":0,"parent":0,"menu_order":0,"comment_status":"closed","ping_status":"closed","template":"","meta":[],"yoast_head":"<!-- This site is optimized with the Yoast SEO plugin v20.2.1 - https:\/\/yoast.com\/wordpress\/plugins\/seo\/ -->\n<title>Cabinet d\u2019avocat en droit de la famille \u00e0 Strasbourg<\/title>\n<meta name=\"description\" content=\"Ma\u00eetre Karyna Brukhnova, avocat en droit de la famille \u00e0 Strasbourg, vous accueille afin de vous apporter les meilleurs conseils juridiques.\" \/>\n<meta name=\"robots\" content=\"index, follow, max-snippet:-1, max-image-preview:large, max-video-preview:-1\" \/>\n<link rel=\"canonical\" href=\"https:\/\/www.avocat-brukhnova.com\/?page_id=527\" \/>\n<meta property=\"og:locale\" content=\"fr_FR\" \/>\n<meta property=\"og:type\" content=\"article\" \/>\n<meta property=\"og:title\" content=\"Cabinet d\u2019avocat en droit de la famille \u00e0 Strasbourg\" \/>\n<meta property=\"og:description\" content=\"Ma\u00eetre Karyna Brukhnova, avocat en droit de la famille \u00e0 Strasbourg, vous accueille afin de vous apporter les meilleurs conseils juridiques.\" \/>\n<meta property=\"og:url\" content=\"https:\/\/www.avocat-brukhnova.com\/?page_id=527\" \/>\n<meta property=\"og:site_name\" content=\"Avocat Brukhnova\" \/>\n<meta property=\"article:modified_time\" content=\"2022-10-07T10:15:30+00:00\" \/>\n<meta name=\"twitter:card\" content=\"summary_large_image\" \/>\n<meta name=\"twitter:label1\" content=\"Dur\u00e9e de lecture estim\u00e9e\" \/>\n\t<meta name=\"twitter:data1\" content=\"3 minutes\" \/>\n<script type=\"application\/ld+json\" class=\"yoast-schema-graph\">{\"@context\":\"https:\/\/schema.org\",\"@graph\":[{\"@type\":\"WebPage\",\"@id\":\"https:\/\/www.avocat-brukhnova.com\/?page_id=527\",\"url\":\"https:\/\/www.avocat-brukhnova.com\/?page_id=527\",\"name\":\"Cabinet d\u2019avocat en droit de la famille \u00e0 Strasbourg\",\"isPartOf\":{\"@id\":\"https:\/\/www.avocat-brukhnova.com\/#website\"},\"datePublished\":\"2022-08-18T11:00:34+00:00\",\"dateModified\":\"2022-10-07T10:15:30+00:00\",\"description\":\"Ma\u00eetre Karyna Brukhnova, avocat en droit de la famille \u00e0 Strasbourg, vous accueille afin de vous apporter les meilleurs conseils juridiques.\",\"breadcrumb\":{\"@id\":\"https:\/\/www.avocat-brukhnova.com\/?page_id=527#breadcrumb\"},\"inLanguage\":\"fr-FR\",\"potentialAction\":[{\"@type\":\"ReadAction\",\"target\":[\"https:\/\/www.avocat-brukhnova.com\/?page_id=527\"]}]},{\"@type\":\"BreadcrumbList\",\"@id\":\"https:\/\/www.avocat-brukhnova.com\/?page_id=527#breadcrumb\",\"itemListElement\":[{\"@type\":\"ListItem\",\"position\":1,\"name\":\"Accueil\",\"item\":\"https:\/\/www.avocat-brukhnova.com\/\"},{\"@type\":\"ListItem\",\"position\":2,\"name\":\"Droit de la famille\"}]},{\"@type\":\"WebSite\",\"@id\":\"https:\/\/www.avocat-brukhnova.com\/#website\",\"url\":\"https:\/\/www.avocat-brukhnova.com\/\",\"name\":\"Avocat Brukhnova\",\"description\":\"\",\"publisher\":{\"@id\":\"https:\/\/www.avocat-brukhnova.com\/#organization\"},\"potentialAction\":[{\"@type\":\"SearchAction\",\"target\":{\"@type\":\"EntryPoint\",\"urlTemplate\":\"https:\/\/www.avocat-brukhnova.com\/?s={search_term_string}\"},\"query-input\":\"required name=search_term_string\"}],\"inLanguage\":\"fr-FR\"},{\"@type\":\"Organization\",\"@id\":\"https:\/\/www.avocat-brukhnova.com\/#organization\",\"name\":\"Avocat Brukhnova\",\"url\":\"https:\/\/www.avocat-brukhnova.com\/\",\"logo\":{\"@type\":\"ImageObject\",\"inLanguage\":\"fr-FR\",\"@id\":\"https:\/\/www.avocat-brukhnova.com\/#\/schema\/logo\/image\/\",\"url\":\"https:\/\/www.avocat-brukhnova.com\/wp-content\/uploads\/logo-avocat-brukhnova-nv24-1.png\",\"contentUrl\":\"https:\/\/www.avocat-brukhnova.com\/wp-content\/uploads\/logo-avocat-brukhnova-nv24-1.png\",\"width\":300,\"height\":95,\"caption\":\"Avocat Brukhnova\"},\"image\":{\"@id\":\"https:\/\/www.avocat-brukhnova.com\/#\/schema\/logo\/image\/\"}}]}<\/script>\n<!-- \/ Yoast SEO plugin. -->","yoast_head_json":{"title":"Cabinet d\u2019avocat en droit de la famille \u00e0 Strasbourg","description":"Ma\u00eetre Karyna Brukhnova, avocat en droit de la famille \u00e0 Strasbourg, vous accueille afin de vous apporter les meilleurs conseils juridiques.","robots":{"index":"index","follow":"follow","max-snippet":"max-snippet:-1","max-image-preview":"max-image-preview:large","max-video-preview":"max-video-preview:-1"},"canonical":"https:\/\/www.avocat-brukhnova.com\/?page_id=527","og_locale":"fr_FR","og_type":"article","og_title":"Cabinet d\u2019avocat en droit de la famille \u00e0 Strasbourg","og_description":"Ma\u00eetre Karyna Brukhnova, avocat en droit de la famille \u00e0 Strasbourg, vous accueille afin de vous apporter les meilleurs conseils juridiques.","og_url":"https:\/\/www.avocat-brukhnova.com\/?page_id=527","og_site_name":"Avocat Brukhnova","article_modified_time":"2022-10-07T10:15:30+00:00","twitter_card":"summary_large_image","twitter_misc":{"Dur\u00e9e de lecture estim\u00e9e":"3 minutes"},"schema":{"@context":"https:\/\/schema.org","@graph":[{"@type":"WebPage","@id":"https:\/\/www.avocat-brukhnova.com\/?page_id=527","url":"https:\/\/www.avocat-brukhnova.com\/?page_id=527","name":"Cabinet d\u2019avocat en droit de la famille \u00e0 Strasbourg","isPartOf":{"@id":"https:\/\/www.avocat-brukhnova.com\/#website"},"datePublished":"2022-08-18T11:00:34+00:00","dateModified":"2022-10-07T10:15:30+00:00","description":"Ma\u00eetre Karyna Brukhnova, avocat en droit de la famille \u00e0 Strasbourg, vous accueille afin de vous apporter les meilleurs conseils juridiques.","breadcrumb":{"@id":"https:\/\/www.avocat-brukhnova.com\/?page_id=527#breadcrumb"},"inLanguage":"fr-FR","potentialAction":[{"@type":"ReadAction","target":["https:\/\/www.avocat-brukhnova.com\/?page_id=527"]}]},{"@type":"BreadcrumbList","@id":"https:\/\/www.avocat-brukhnova.com\/?page_id=527#breadcrumb","itemListElement":[{"@type":"ListItem","position":1,"name":"Accueil","item":"https:\/\/www.avocat-brukhnova.com\/"},{"@type":"ListItem","position":2,"name":"Droit de la famille"}]},{"@type":"WebSite","@id":"https:\/\/www.avocat-brukhnova.com\/#website","url":"https:\/\/www.avocat-brukhnova.com\/","name":"Avocat Brukhnova","description":"","publisher":{"@id":"https:\/\/www.avocat-brukhnova.com\/#organization"},"potentialAction":[{"@type":"SearchAction","target":{"@type":"EntryPoint","urlTemplate":"https:\/\/www.avocat-brukhnova.com\/?s={search_term_string}"},"query-input":"required name=search_term_string"}],"inLanguage":"fr-FR"},{"@type":"Organization","@id":"https:\/\/www.avocat-brukhnova.com\/#organization","name":"Avocat Brukhnova","url":"https:\/\/www.avocat-brukhnova.com\/","logo":{"@type":"ImageObject","inLanguage":"fr-FR","@id":"https:\/\/www.avocat-brukhnova.com\/#\/schema\/logo\/image\/","url":"https:\/\/www.avocat-brukhnova.com\/wp-content\/uploads\/logo-avocat-brukhnova-nv24-1.png","contentUrl":"https:\/\/www.avocat-brukhnova.com\/wp-content\/uploads\/logo-avocat-brukhnova-nv24-1.png","width":300,"height":95,"caption":"Avocat Brukhnova"},"image":{"@id":"https:\/\/www.avocat-brukhnova.com\/#\/schema\/logo\/image\/"}}]}},"_links":{"self":[{"href":"https:\/\/www.avocat-brukhnova.com\/index.php?rest_route=\/wp\/v2\/pages\/527"}],"collection":[{"href":"https:\/\/www.avocat-brukhnova.com\/index.php?rest_route=\/wp\/v2\/pages"}],"about":[{"href":"https:\/\/www.avocat-brukhnova.com\/index.php?rest_route=\/wp\/v2\/types\/page"}],"author":[{"embeddable":true,"href":"https:\/\/www.avocat-brukhnova.com\/index.php?rest_route=\/wp\/v2\/users\/1"}],"replies":[{"embeddable":true,"href":"https:\/\/www.avocat-brukhnova.com\/index.php?rest_route=%2Fwp%2Fv2%2Fcomments&post=527"}],"version-history":[{"count":34,"href":"https:\/\/www.avocat-brukhnova.com\/index.php?rest_route=\/wp\/v2\/pages\/527\/revisions"}],"predecessor-version":[{"id":951,"href":"https:\/\/www.avocat-brukhnova.com\/index.php?rest_route=\/wp\/v2\/pages\/527\/revisions\/951"}],"wp:attachment":[{"href":"https:\/\/www.avocat-brukhnova.com\/index.php?rest_route=%2Fwp%2Fv2%2Fmedia&parent=527"}],"curies":[{"name":"wp","href":"https:\/\/api.w.org\/{rel}","templated":true}]}}