{"id":580,"date":"2022-08-18T15:26:01","date_gmt":"2022-08-18T13:26:01","guid":{"rendered":"https:\/\/www.avocat-brukhnova.com\/?page_id=580"},"modified":"2023-01-26T11:52:35","modified_gmt":"2023-01-26T10:52:35","slug":"droit-immobilier","status":"publish","type":"page","link":"https:\/\/www.avocat-brukhnova.com\/?page_id=580","title":{"rendered":"Droit immobilier"},"content":{"rendered":"<p>[vc_row full_width=\u00a0\u00bbstretch_row\u00a0\u00bb][vc_column]\n\t\t<div class=\"bg--primary imagebg height-40\" data-overlay=\"9\">\n\t\t\t<div class=\"background-image-holder\">\n\t\t\t\t<img width=\"1798\" height=\"1200\" src=\"https:\/\/www.avocat-brukhnova.com\/wp-content\/uploads\/avocat-slider.jpg\" class=\"attachment-full size-full\" alt=\"avocat en droit immobilier \u00e0 Strasbourg avocat en droit international \u00e0 Strasbourg\" decoding=\"async\" loading=\"lazy\" srcset=\"https:\/\/www.avocat-brukhnova.com\/wp-content\/uploads\/avocat-slider.jpg 1798w, https:\/\/www.avocat-brukhnova.com\/wp-content\/uploads\/avocat-slider-300x200.jpg 300w, https:\/\/www.avocat-brukhnova.com\/wp-content\/uploads\/avocat-slider-1024x683.jpg 1024w, https:\/\/www.avocat-brukhnova.com\/wp-content\/uploads\/avocat-slider-768x513.jpg 768w, https:\/\/www.avocat-brukhnova.com\/wp-content\/uploads\/avocat-slider-1536x1025.jpg 1536w\" sizes=\"(max-width: 1798px) 100vw, 1798px\" \/>\n\t\t\t<\/div>\n\t\t\t<div class=\"container pos-vertical-center\">\n\t\t\t\t<div class=\"row\">\n\t\t\t\t\t<div class=\"col-sm-12 wpb_text_column\">\n\t\t\t\t\t\t<\/p>\n<h1>Droit immobilier<\/h1>\n<p>\n\t\t\t\t\t<\/div>\n\t\t\t\t<\/div><!--end of row-->\n\t\t\t<\/div><!--end of container-->\n\t\t<\/div>\n\t[\/vc_column][\/vc_row][vc_row full_width=\u00a0\u00bbstretch_row\u00a0\u00bb hover_title=\u00a0\u00bbFullwidth, Image Right\u00a0\u00bb][vc_column]\n\t\t\t<div class=\"imageblock imageblock--lg bg--secondary\">\n\t\t\t\t<div class=\"imageblock__content col-md-5 col-sm-4 pos-right hidden-xs\">\n\t\t\t\t\t<div class=\"background-image-holder\">\n\t\t\t\t\t\t<img width=\"1801\" height=\"1200\" src=\"https:\/\/www.avocat-brukhnova.com\/wp-content\/uploads\/DroitImmo.jpg\" class=\"attachment-full size-full\" alt=\"\" decoding=\"async\" loading=\"lazy\" srcset=\"https:\/\/www.avocat-brukhnova.com\/wp-content\/uploads\/DroitImmo.jpg 1801w, https:\/\/www.avocat-brukhnova.com\/wp-content\/uploads\/DroitImmo-300x200.jpg 300w, https:\/\/www.avocat-brukhnova.com\/wp-content\/uploads\/DroitImmo-1024x682.jpg 1024w, https:\/\/www.avocat-brukhnova.com\/wp-content\/uploads\/DroitImmo-768x512.jpg 768w, https:\/\/www.avocat-brukhnova.com\/wp-content\/uploads\/DroitImmo-1536x1023.jpg 1536w\" sizes=\"(max-width: 1801px) 100vw, 1801px\" \/>\n\t\t\t\t\t<\/div>\n\t\t\t\t<\/div>\n\t\t\t\n\t\t\t\t<div class=\"container\">\n\t\t\t\t\t<div class=\"row\">\n\t\t\t\t\t\t<div class=\"col-md-5 col-sm-7\">\n\t\t\t\t\t\t\t[vc_column_text]<\/p>\n<h2 style=\"text-align: left; font-size: 23px;\" align=\"center;\">Ma\u00eetre Karyna Brukhnova<br \/>\nAvocat en droit immobilier \u00e0 Strasbourg<\/h2>\n<p>Vous \u00eates bailleur, locataire, propri\u00e9taire, vendeur, copropri\u00e9taire, acqu\u00e9reur ou syndic d\u2019un bien immobilier\u00a0? Vous \u00eates \u00e0 la recherche d\u2019un conseil ou d\u2019une assistance juridique\u00a0? <strong>Ma\u00eetre Karyna Brukhnova, avocat en droit immobilier \u00e0 Strasbourg, vous accueille au sein de son cabinet afin de vous apporter les meilleurs conseils pour r\u00e9soudre votre litige. <\/strong><\/p>\n<p>Votre avocat en droit immobilier a pour mission principale de vous aider \u00e0 trouver les solutions les plus avantageuses, et ce, quelle que soit votre affaire. Toujours \u00e0 votre \u00e9coute, elle vous accompagne durant toutes vos d\u00e9marches juridiques. <strong>Alliant expertise et savoir-faire, Ma\u00eetre Karyna Brukhnova met tout en \u0153uvre pour d\u00e9fendre au mieux vos int\u00e9r\u00eats devant les juridictions comp\u00e9tentes.<\/strong> Votre avocat s\u2019engage \u00e0 vous proposer une assistance personnalis\u00e9e et efficace autant en conseil qu\u2019en contentieux.<\/p>\n<p style=\"text-align: left;\"><a class=\"btn\" href=\"\/contact\">Contact<\/a><\/p>\n<p>[\/vc_column_text]\n\t\t\t\t\t\t<\/div>\n\t\t\t\t\t<\/div><!--end of row-->\n\t\t\t\t<\/div><!--end of container-->\n\t\t\t<\/div>\n\t\t[\/vc_column][\/vc_row][vc_row css=\u00a0\u00bb.vc_custom_1461592436089{padding-bottom: 0px !important;}\u00a0\u00bb][vc_column css=\u00a0\u00bb.vc_custom_1660926361405{padding-top: 50px !important;padding-bottom: 50px !important;}\u00a0\u00bb][vc_column_text]<\/p>\n<h2>Qu\u2019est-ce que le droit immobilier ?<\/h2>\n<p><strong>Il s\u2019agit d\u2019une branche du droit qui r\u00e9git les probl\u00e9matiques aff\u00e9rentes aux biens immobiliers. <\/strong>Le droit immobilier concerne les diff\u00e9rentes questions comme\u00a0:<\/p>\n<ul>\n<li>Bail commercial<\/li>\n<li>Bail d\u2019habitation<\/li>\n<li>R\u00e8gles sp\u00e9cifiques applicables aux diff\u00e9rents professionnels en la mati\u00e8re (notaires, agents immobiliers, ma\u00eetres d\u2019\u0153uvre, architectes, etc.).<\/li>\n<li>Hypoth\u00e8ques<\/li>\n<li>Droit de la construction<\/li>\n<li>Vente immobili\u00e8re<\/li>\n<li>Droit de la copropri\u00e9t\u00e9<\/li>\n<li>Conflits de voisinage<\/li>\n<\/ul>\n<p>[\/vc_column_text][\/vc_column][\/vc_row][vc_row el_class=\u00a0\u00bbbg&#8211;primary section&#8211;pullup\u00a0\u00bb css=\u00a0\u00bb.vc_custom_1461593458900{padding-top: 125px !important;padding-bottom: 200px !important;}\u00a0\u00bb][vc_column width=\u00a0\u00bb1\/6&Prime;][\/vc_column][vc_column width=\u00a0\u00bb2\/3&Prime;][vc_column_text]<\/p>\n<h2 style=\"text-align: center;\">Quand faire appel aux comp\u00e9tences d\u2019un avocat en droit immobilier\u00a0?<\/h2>\n<p>[\/vc_column_text][vc_empty_space height=\u00a0\u00bb80px\u00a0\u00bb][vc_column_text]<\/p>\n<p style=\"text-align: center;\"><strong>Les particuliers comme les professionnels sont en mesure de faire appel aux services d\u2019un avocat en droit immobilier. <\/strong><\/p>\n<p>[\/vc_column_text][vc_empty_space height=\u00a0\u00bb30px\u00a0\u00bb]<div class=\"tabs-container\"><ul class=\"tabs text-center\">\n\t\t<li>\n\t\t\t<div class=\"tab__title\">\n\t\t\t\t<i class=\"icon--partner ion-home\"><\/i>\n\t\t\t\t<div class=\"ttl\">Droit immobilier \u00e0 Strasbourg<\/div class=\"ttl\">\n\t\t\t<\/div>\n\t\t\t<div class=\"tab__content\">\n\t\t\t\t<p>Vous pouvez recourir \u00e0 l\u2019expertise et au savoir-faire de Ma\u00eetre Karyna Brukhnova d\u00e8s lors que votre bien immobilier est en jeu\u00a0:<\/p>\n<ul>\n<li>&#8211; Construction, vente, location d\u2019un bien immobilier<\/li>\n<li>&#8211; R\u00e9daction des actes juridiques ou des contrats<\/li>\n<li>&#8211; Contentieux locatif<\/li>\n<\/ul>\n<p>&nbsp;<\/p>\n<p><strong>Si vous \u00eates dans une situation conflictuelle, votre avocat intervient \u00e9galement pour r\u00e9soudre un litige entre\u00a0: <\/strong><\/p>\n<ul>\n<li style=\"list-style-type: none;\">\n<ul>\n<li><strong>&#8211; Vendeur et acqu\u00e9reur<\/strong> (annulation ou r\u00e9siliation d\u2019un compromis de vente ou d\u2019une promesse de vente etc.)<\/li>\n<li><strong>&#8211; Locataire et bailleur<\/strong> (conflit de voisinage, r\u00e9siliation du bail, expulsion, arri\u00e9r\u00e9s de loyers, etc.)<\/li>\n<li><strong>&#8211; Copropri\u00e9taires <\/strong>(recouvrement des charges, responsabilit\u00e9 en cas de dommages, contestation des d\u00e9cisions d\u2019assembl\u00e9e g\u00e9n\u00e9rale, etc.)<\/li>\n<\/ul>\n<\/li>\n<\/ul>\n<p>Dans le cadre de la construction ou de la r\u00e9novation d\u2019un bien immobilier, vous risquez de confronter plusieurs difficult\u00e9s. <strong>En cas de litige, vous devez recourir aux comp\u00e9tences d\u2019un professionnel. <\/strong>Ma\u00eetre Karyna Brukhnovase chargera de vous apporter tous les conseils n\u00e9cessaires \u00e0 la r\u00e9solutionde votre conflit.<\/p>\n<p><strong>De plus, votre avocat sera \u00e0 vos c\u00f4t\u00e9s pour vous fournir les meilleurs conseils et pour assurer votre d\u00e9fense dans les litiges avec\u00a0: <\/strong><\/p>\n<ul>\n<li style=\"list-style-type: none;\">\n<ul>\n<li><strong>&#8211; L\u2019entreprise de construction <\/strong>(mauvaise ex\u00e9cution du contrat, non-respect des garanties l\u00e9gales, responsabilit\u00e9 du fait des sous-traitants, etc.)<\/li>\n<li><strong>&#8211; L\u2019architecte<\/strong> (d\u00e9fauts de conception, non-respect du devoir de conseil et d\u2019information)<\/li>\n<li><strong>&#8211; Le promoteur immobilier <\/strong>(responsabilit\u00e9 contractuelle, mise en \u0153uvre des garanties l\u00e9gales du promoteur)<\/li>\n<\/ul>\n<\/li>\n<\/ul>\n<p>\n\t\n\t\t\t<\/div>\n\t\t<\/li>\n\t<\/ul><\/div>[vc_empty_space][vc_column_text]<\/p>\n<hr \/>\n<p>[\/vc_column_text][\/vc_column][vc_column width=\u00a0\u00bb1\/6&Prime;][\/vc_column][\/vc_row][vc_row][vc_column width=\u00a0\u00bb1\/6&Prime;][\/vc_column][vc_column width=\u00a0\u00bb2\/3&Prime;][vc_empty_space][\/vc_column][vc_column width=\u00a0\u00bb1\/6&Prime;][\/vc_column][\/vc_row]<\/p>\n","protected":false},"excerpt":{"rendered":"<p>[vc_row full_width=\u00a0\u00bbstretch_row\u00a0\u00bb][vc_column][\/vc_column][\/vc_row][vc_row full_width=\u00a0\u00bbstretch_row\u00a0\u00bb hover_title=\u00a0\u00bbFullwidth, Image Right\u00a0\u00bb][vc_column][\/vc_column][\/vc_row][vc_row css=\u00a0\u00bb.vc_custom_1461592436089{padding-bottom: 0px !important;}\u00a0\u00bb][vc_column css=\u00a0\u00bb.vc_custom_1660926361405{padding-top: 50px !important;padding-bottom: 50px !important;}\u00a0\u00bb][vc_column_text] Qu\u2019est-ce que le droit immobilier ? Il s\u2019agit d\u2019une branche du droit qui r\u00e9git les probl\u00e9matiques aff\u00e9rentes aux biens immobiliers. Le droit immobilier concerne les diff\u00e9rentes questions comme\u00a0: Bail commercial Bail d\u2019habitation R\u00e8gles sp\u00e9cifiques applicables aux diff\u00e9rents professionnels en la mati\u00e8re [&hellip;]<\/p>\n","protected":false},"author":1,"featured_media":0,"parent":0,"menu_order":0,"comment_status":"closed","ping_status":"closed","template":"","meta":[],"yoast_head":"<!-- This site is optimized with the Yoast SEO plugin v20.2.1 - https:\/\/yoast.com\/wordpress\/plugins\/seo\/ -->\n<title>Cabinet d\u2019avocat en droit immobilier \u00e0 Strasbourg<\/title>\n<meta name=\"description\" content=\"Ma\u00eetre Karyna Brukhnova, avocat en droit immobilier \u00e0 Strasbourg, intervient aupr\u00e8s de ses clients et prend en charge diff\u00e9rentes probl\u00e9matiques judiciaires.\" \/>\n<meta name=\"robots\" content=\"index, follow, max-snippet:-1, max-image-preview:large, max-video-preview:-1\" \/>\n<link rel=\"canonical\" href=\"https:\/\/www.avocat-brukhnova.com\/?page_id=580\" \/>\n<meta property=\"og:locale\" content=\"fr_FR\" \/>\n<meta property=\"og:type\" content=\"article\" \/>\n<meta property=\"og:title\" content=\"Cabinet d\u2019avocat en droit immobilier \u00e0 Strasbourg\" \/>\n<meta property=\"og:description\" content=\"Ma\u00eetre Karyna Brukhnova, avocat en droit immobilier \u00e0 Strasbourg, intervient aupr\u00e8s de ses clients et prend en charge diff\u00e9rentes probl\u00e9matiques judiciaires.\" \/>\n<meta property=\"og:url\" content=\"https:\/\/www.avocat-brukhnova.com\/?page_id=580\" \/>\n<meta property=\"og:site_name\" content=\"Avocat Brukhnova\" \/>\n<meta property=\"article:modified_time\" content=\"2023-01-26T10:52:35+00:00\" \/>\n<meta name=\"twitter:card\" content=\"summary_large_image\" \/>\n<meta name=\"twitter:label1\" content=\"Dur\u00e9e de lecture estim\u00e9e\" \/>\n\t<meta name=\"twitter:data1\" content=\"3 minutes\" \/>\n<script type=\"application\/ld+json\" class=\"yoast-schema-graph\">{\"@context\":\"https:\/\/schema.org\",\"@graph\":[{\"@type\":\"WebPage\",\"@id\":\"https:\/\/www.avocat-brukhnova.com\/?page_id=580\",\"url\":\"https:\/\/www.avocat-brukhnova.com\/?page_id=580\",\"name\":\"Cabinet d\u2019avocat en droit immobilier \u00e0 Strasbourg\",\"isPartOf\":{\"@id\":\"https:\/\/www.avocat-brukhnova.com\/#website\"},\"datePublished\":\"2022-08-18T13:26:01+00:00\",\"dateModified\":\"2023-01-26T10:52:35+00:00\",\"description\":\"Ma\u00eetre Karyna Brukhnova, avocat en droit immobilier \u00e0 Strasbourg, intervient aupr\u00e8s de ses clients et prend en charge diff\u00e9rentes probl\u00e9matiques judiciaires.\",\"breadcrumb\":{\"@id\":\"https:\/\/www.avocat-brukhnova.com\/?page_id=580#breadcrumb\"},\"inLanguage\":\"fr-FR\",\"potentialAction\":[{\"@type\":\"ReadAction\",\"target\":[\"https:\/\/www.avocat-brukhnova.com\/?page_id=580\"]}]},{\"@type\":\"BreadcrumbList\",\"@id\":\"https:\/\/www.avocat-brukhnova.com\/?page_id=580#breadcrumb\",\"itemListElement\":[{\"@type\":\"ListItem\",\"position\":1,\"name\":\"Accueil\",\"item\":\"https:\/\/www.avocat-brukhnova.com\/\"},{\"@type\":\"ListItem\",\"position\":2,\"name\":\"Droit immobilier\"}]},{\"@type\":\"WebSite\",\"@id\":\"https:\/\/www.avocat-brukhnova.com\/#website\",\"url\":\"https:\/\/www.avocat-brukhnova.com\/\",\"name\":\"Avocat Brukhnova\",\"description\":\"\",\"publisher\":{\"@id\":\"https:\/\/www.avocat-brukhnova.com\/#organization\"},\"potentialAction\":[{\"@type\":\"SearchAction\",\"target\":{\"@type\":\"EntryPoint\",\"urlTemplate\":\"https:\/\/www.avocat-brukhnova.com\/?s={search_term_string}\"},\"query-input\":\"required name=search_term_string\"}],\"inLanguage\":\"fr-FR\"},{\"@type\":\"Organization\",\"@id\":\"https:\/\/www.avocat-brukhnova.com\/#organization\",\"name\":\"Avocat Brukhnova\",\"url\":\"https:\/\/www.avocat-brukhnova.com\/\",\"logo\":{\"@type\":\"ImageObject\",\"inLanguage\":\"fr-FR\",\"@id\":\"https:\/\/www.avocat-brukhnova.com\/#\/schema\/logo\/image\/\",\"url\":\"https:\/\/www.avocat-brukhnova.com\/wp-content\/uploads\/logo-avocat-brukhnova-nv24-1.png\",\"contentUrl\":\"https:\/\/www.avocat-brukhnova.com\/wp-content\/uploads\/logo-avocat-brukhnova-nv24-1.png\",\"width\":300,\"height\":95,\"caption\":\"Avocat Brukhnova\"},\"image\":{\"@id\":\"https:\/\/www.avocat-brukhnova.com\/#\/schema\/logo\/image\/\"}}]}<\/script>\n<!-- \/ Yoast SEO plugin. -->","yoast_head_json":{"title":"Cabinet d\u2019avocat en droit immobilier \u00e0 Strasbourg","description":"Ma\u00eetre Karyna Brukhnova, avocat en droit immobilier \u00e0 Strasbourg, intervient aupr\u00e8s de ses clients et prend en charge diff\u00e9rentes probl\u00e9matiques judiciaires.","robots":{"index":"index","follow":"follow","max-snippet":"max-snippet:-1","max-image-preview":"max-image-preview:large","max-video-preview":"max-video-preview:-1"},"canonical":"https:\/\/www.avocat-brukhnova.com\/?page_id=580","og_locale":"fr_FR","og_type":"article","og_title":"Cabinet d\u2019avocat en droit immobilier \u00e0 Strasbourg","og_description":"Ma\u00eetre Karyna Brukhnova, avocat en droit immobilier \u00e0 Strasbourg, intervient aupr\u00e8s de ses clients et prend en charge diff\u00e9rentes probl\u00e9matiques judiciaires.","og_url":"https:\/\/www.avocat-brukhnova.com\/?page_id=580","og_site_name":"Avocat Brukhnova","article_modified_time":"2023-01-26T10:52:35+00:00","twitter_card":"summary_large_image","twitter_misc":{"Dur\u00e9e de lecture estim\u00e9e":"3 minutes"},"schema":{"@context":"https:\/\/schema.org","@graph":[{"@type":"WebPage","@id":"https:\/\/www.avocat-brukhnova.com\/?page_id=580","url":"https:\/\/www.avocat-brukhnova.com\/?page_id=580","name":"Cabinet d\u2019avocat en droit immobilier \u00e0 Strasbourg","isPartOf":{"@id":"https:\/\/www.avocat-brukhnova.com\/#website"},"datePublished":"2022-08-18T13:26:01+00:00","dateModified":"2023-01-26T10:52:35+00:00","description":"Ma\u00eetre Karyna Brukhnova, avocat en droit immobilier \u00e0 Strasbourg, intervient aupr\u00e8s de ses clients et prend en charge diff\u00e9rentes probl\u00e9matiques judiciaires.","breadcrumb":{"@id":"https:\/\/www.avocat-brukhnova.com\/?page_id=580#breadcrumb"},"inLanguage":"fr-FR","potentialAction":[{"@type":"ReadAction","target":["https:\/\/www.avocat-brukhnova.com\/?page_id=580"]}]},{"@type":"BreadcrumbList","@id":"https:\/\/www.avocat-brukhnova.com\/?page_id=580#breadcrumb","itemListElement":[{"@type":"ListItem","position":1,"name":"Accueil","item":"https:\/\/www.avocat-brukhnova.com\/"},{"@type":"ListItem","position":2,"name":"Droit immobilier"}]},{"@type":"WebSite","@id":"https:\/\/www.avocat-brukhnova.com\/#website","url":"https:\/\/www.avocat-brukhnova.com\/","name":"Avocat Brukhnova","description":"","publisher":{"@id":"https:\/\/www.avocat-brukhnova.com\/#organization"},"potentialAction":[{"@type":"SearchAction","target":{"@type":"EntryPoint","urlTemplate":"https:\/\/www.avocat-brukhnova.com\/?s={search_term_string}"},"query-input":"required name=search_term_string"}],"inLanguage":"fr-FR"},{"@type":"Organization","@id":"https:\/\/www.avocat-brukhnova.com\/#organization","name":"Avocat Brukhnova","url":"https:\/\/www.avocat-brukhnova.com\/","logo":{"@type":"ImageObject","inLanguage":"fr-FR","@id":"https:\/\/www.avocat-brukhnova.com\/#\/schema\/logo\/image\/","url":"https:\/\/www.avocat-brukhnova.com\/wp-content\/uploads\/logo-avocat-brukhnova-nv24-1.png","contentUrl":"https:\/\/www.avocat-brukhnova.com\/wp-content\/uploads\/logo-avocat-brukhnova-nv24-1.png","width":300,"height":95,"caption":"Avocat Brukhnova"},"image":{"@id":"https:\/\/www.avocat-brukhnova.com\/#\/schema\/logo\/image\/"}}]}},"_links":{"self":[{"href":"https:\/\/www.avocat-brukhnova.com\/index.php?rest_route=\/wp\/v2\/pages\/580"}],"collection":[{"href":"https:\/\/www.avocat-brukhnova.com\/index.php?rest_route=\/wp\/v2\/pages"}],"about":[{"href":"https:\/\/www.avocat-brukhnova.com\/index.php?rest_route=\/wp\/v2\/types\/page"}],"author":[{"embeddable":true,"href":"https:\/\/www.avocat-brukhnova.com\/index.php?rest_route=\/wp\/v2\/users\/1"}],"replies":[{"embeddable":true,"href":"https:\/\/www.avocat-brukhnova.com\/index.php?rest_route=%2Fwp%2Fv2%2Fcomments&post=580"}],"version-history":[{"count":41,"href":"https:\/\/www.avocat-brukhnova.com\/index.php?rest_route=\/wp\/v2\/pages\/580\/revisions"}],"predecessor-version":[{"id":973,"href":"https:\/\/www.avocat-brukhnova.com\/index.php?rest_route=\/wp\/v2\/pages\/580\/revisions\/973"}],"wp:attachment":[{"href":"https:\/\/www.avocat-brukhnova.com\/index.php?rest_route=%2Fwp%2Fv2%2Fmedia&parent=580"}],"curies":[{"name":"wp","href":"https:\/\/api.w.org\/{rel}","templated":true}]}}