{"id":601,"date":"2022-08-18T17:14:48","date_gmt":"2022-08-18T15:14:48","guid":{"rendered":"https:\/\/www.avocat-brukhnova.com\/?page_id=601"},"modified":"2022-10-07T12:33:35","modified_gmt":"2022-10-07T10:33:35","slug":"droit-international","status":"publish","type":"page","link":"https:\/\/www.avocat-brukhnova.com\/?page_id=601","title":{"rendered":"Droit international"},"content":{"rendered":"<p>[vc_row full_width=\u00a0\u00bbstretch_row\u00a0\u00bb][vc_column]\n\t\t<div class=\"bg--primary imagebg height-40\" data-overlay=\"9\">\n\t\t\t<div class=\"background-image-holder\">\n\t\t\t\t<img width=\"1801\" height=\"1200\" src=\"https:\/\/www.avocat-brukhnova.com\/wp-content\/uploads\/avocat-01.jpg\" class=\"attachment-full size-full\" alt=\"avocat en droit international \u00e0 Strasbourg\" decoding=\"async\" loading=\"lazy\" srcset=\"https:\/\/www.avocat-brukhnova.com\/wp-content\/uploads\/avocat-01.jpg 1801w, https:\/\/www.avocat-brukhnova.com\/wp-content\/uploads\/avocat-01-300x200.jpg 300w, https:\/\/www.avocat-brukhnova.com\/wp-content\/uploads\/avocat-01-1024x682.jpg 1024w, https:\/\/www.avocat-brukhnova.com\/wp-content\/uploads\/avocat-01-768x512.jpg 768w, https:\/\/www.avocat-brukhnova.com\/wp-content\/uploads\/avocat-01-1536x1023.jpg 1536w\" sizes=\"(max-width: 1801px) 100vw, 1801px\" \/>\n\t\t\t<\/div>\n\t\t\t<div class=\"container pos-vertical-center\">\n\t\t\t\t<div class=\"row\">\n\t\t\t\t\t<div class=\"col-sm-12 wpb_text_column\">\n\t\t\t\t\t\t<\/p>\n<h1>Droit international<\/h1>\n<p>\n\t\t\t\t\t<\/div>\n\t\t\t\t<\/div><!--end of row-->\n\t\t\t<\/div><!--end of container-->\n\t\t<\/div>\n\t[\/vc_column][\/vc_row][vc_row css=\u00a0\u00bb.vc_custom_1461592412245{padding-bottom: 0px !important;background-color: #e9ebee !important;}\u00a0\u00bb][vc_column][vc_empty_space height=\u00a0\u00bb70px\u00a0\u00bb][vc_column_text]<\/p>\n<h2>Ma\u00eetre Karyna Brukhnova, avocat en droit international \u00e0 Strasbourg<\/h2>\n<p>Ma\u00eetre Karyna Brukhnova, avocat\u00a0 en droit international \u00e0 Strasbourg, <strong>vous propose ses services dans le r\u00e8glement des litiges juridiques dans un contexte international. Votre avocat a pour r\u00f4le de vous conseiller et de d\u00e9fendre vos int\u00e9r\u00eats devant les juridictions comp\u00e9tentes lorsque votre litige pr\u00e9sente une dimension internationale.<\/strong><\/p>\n<p>Alliant savoir-faire et expertise, Ma\u00eetre Karyna Brukhnova vous assiste dans la reconnaissance et l\u2019ex\u00e9cution en France des d\u00e9cisions prononc\u00e9es \u00e0 l&rsquo;\u00e9tranger.<\/p>\n<p><strong>Quel que soit votre question en mati\u00e8re de droit international priv\u00e9, votre avocat saura vous accompagner durant toutes vos d\u00e9marches.<\/strong>[\/vc_column_text][vc_empty_space height=\u00a0\u00bb30px\u00a0\u00bb][\/vc_column][\/vc_row][vc_row css=\u00a0\u00bb.vc_custom_1461590310132{padding-bottom: 0px !important;}\u00a0\u00bb][vc_column][vc_empty_space height=\u00a0\u00bb30px\u00a0\u00bb][vc_row_inner][vc_column_inner]\n\t\t\t<div class=\"section--card\">\n\t\t\t\t<div class=\"boxed stat-simple imagebg\">\n\t\t\t\t\t<div class=\"background-image-holder\">\n\t\t\t\t\t\t<img width=\"1024\" height=\"683\" src=\"https:\/\/www.avocat-brukhnova.com\/wp-content\/uploads\/avocat-slider-1024x683.jpg\" class=\"attachment-large size-large\" alt=\"avocat en droit immobilier \u00e0 Strasbourg avocat en droit international \u00e0 Strasbourg\" decoding=\"async\" loading=\"lazy\" srcset=\"https:\/\/www.avocat-brukhnova.com\/wp-content\/uploads\/avocat-slider-1024x683.jpg 1024w, https:\/\/www.avocat-brukhnova.com\/wp-content\/uploads\/avocat-slider-300x200.jpg 300w, https:\/\/www.avocat-brukhnova.com\/wp-content\/uploads\/avocat-slider-768x513.jpg 768w, https:\/\/www.avocat-brukhnova.com\/wp-content\/uploads\/avocat-slider-1536x1025.jpg 1536w, https:\/\/www.avocat-brukhnova.com\/wp-content\/uploads\/avocat-slider.jpg 1798w\" sizes=\"(max-width: 1024px) 100vw, 1024px\" \/>\n\t\t\t\t\t<\/div>\n<h2><strong>Les comp\u00e9tences de votre avocat en droit international<\/strong><\/h2>\n<p>Lorsqu\u2019un litige pr\u00e9sente un \u00e9l\u00e9ment d\u2019extran\u00e9it\u00e9, il est important de recourir \u00e0 un avocat comp\u00e9tent en droit international priv\u00e9. Seul un professionnel saura analyser les conventions internationales et les dispositions europ\u00e9ennes applicables pour vous proposer la meilleure strat\u00e9gie \u00e0 adopter pour pr\u00e9server vos int\u00e9r\u00eats. <strong>Pour toute affaire relative au droit international, faites confiance au savoir-faire et aux comp\u00e9tences de Ma\u00eetre Karyna Brukhnova.<\/strong><\/p>\n<p>Les comp\u00e9tences d\u2019un avocat en droit international sont n\u00e9cessaires lorsque\u00a0:<\/p>\n<ul>\n<li>L\u2019une des parties au litige est de nationalit\u00e9 \u00e9trang\u00e8re<\/li>\n<li>L\u2019une des parties habite \u00e0 l\u2019\u00e9tranger<\/li>\n<li>Un contrat est conclu avec une entreprise \u00e9trang\u00e8re ou doit \u00eatre ex\u00e9cut\u00e9 \u00e0 l\u2019\u00e9tranger<\/li>\n<li>Le dommage est survenu \u00e0 l\u2019\u00e9tranger<\/li>\n<\/ul>\n<p>\n\t\t\t\t<\/div>\n\t\t\t<\/div>\n\t\t[\/vc_column_inner][\/vc_row_inner][\/vc_column][\/vc_row][vc_row css=\u00a0\u00bb.vc_custom_1461592436089{padding-bottom: 0px !important;}\u00a0\u00bb][vc_column][\/vc_column][\/vc_row][vc_row el_class=\u00a0\u00bbbg&#8211;primary section&#8211;pullup\u00a0\u00bb css=\u00a0\u00bb.vc_custom_1461593458900{padding-top: 125px !important;padding-bottom: 200px !important;}\u00a0\u00bb][vc_column width=\u00a0\u00bb1\/6&Prime;][\/vc_column][vc_column width=\u00a0\u00bb2\/3&Prime;][vc_column_text]<\/p>\n<h3 style=\"text-align: center;\"><strong>Accompagnement dans vos projets familiaux<\/strong><\/h3>\n<p style=\"text-align: center;\">Le cabinet d\u2019avocat de Ma\u00eetre Karyna Brukhnova accompagne les particuliers pour toute question relative au :<\/p>\n<p>[\/vc_column_text][vc_empty_space height=\u00a0\u00bb80px\u00a0\u00bb]<div class=\"tabs-container\"><ul class=\"tabs text-center\">\n\t\t<li>\n\t\t\t<div class=\"tab__title\">\n\t\t\t\t\n\t\t\t\t<h4>Mariage international<\/h4>\n\t\t\t<\/div>\n\t\t\t<div class=\"tab__content\">\n\t\t\t\t<p>Ma\u00eetre Karyna Brukhnova vous conseille pour chaque \u00e9tape de votre projet. Elle vous accompagne dans la r\u00e9daction de votre contrat de mariage et vous aide \u00e0 <strong>choisir la loi applicable \u00e0 votre r\u00e9gime matrimonial<\/strong>.<\/p>\n<p>Elle \u00e9tablit \u00e9galement le certificat de coutume, document n\u00e9cessaire pour votre dossier de mariage.<\/p>\n\t\n\t\t\t<\/div>\n\t\t<\/li>\n\t\n\t\t<li>\n\t\t\t<div class=\"tab__title\">\n\t\t\t\t\n\t\t\t\t<h4>Divorce international<\/h4>\n\t\t\t<\/div>\n\t\t\t<div class=\"tab__content\">\n\t\t\t\t<p>Ma\u00eetre Karyna Brukhnova vous accompagne \u00e9galement dans les proc\u00e9dures de divorce et vous aide \u00e0 d\u00e9terminer la juridiction qui sera comp\u00e9tente pour prononcer le divorce. <strong>Elle vous apporte \u00e9galement les informations au sujet de la loi applicable aux effets du divorce. <\/strong>Elle sera votre meilleur conseil pour toute interrogation concernant les cons\u00e9quences patrimoniales de votre divorce mais \u00e9galement pour toute question relative \u00e0 la prise en charge des enfants dans le contexte de la s\u00e9paration du couple international.<\/p>\n<p><strong>Votre avocat en droit international \u00e0 Strasbourg intervient dans les litiges se rapportant \u00e0 : <\/strong><\/p>\n<ul>\n<li>L\u2019autorit\u00e9 parentale<\/li>\n<li>La pension alimentaire<\/li>\n<li>La r\u00e9sidence des enfants et le droit de visite et d\u2019h\u00e9bergement<\/li>\n<li>L\u2019enl\u00e8vement international d\u2019enfant (d\u00e9placement illicite de l\u2019enfant \u00e0 l\u2019\u00e9tranger)<\/li>\n<li>L\u2019\u00e9tablissement d\u2019un certificat de coutume<\/li>\n<li>Reconnaissance et transcription en France des divorces prononc\u00e9s \u00e0 l\u2019\u00e9tranger<\/li>\n<\/ul>\n<p>\n\t\n\t\t\t<\/div>\n\t\t<\/li>\n\t<\/ul><\/div>[vc_empty_space][vc_column_text]<\/p>\n<hr \/>\n<p>[\/vc_column_text][\/vc_column][vc_column width=\u00a0\u00bb1\/6&Prime;][\/vc_column][\/vc_row][vc_row][vc_column width=\u00a0\u00bb1\/6&Prime;][\/vc_column][vc_column width=\u00a0\u00bb2\/3&Prime; css=\u00a0\u00bb.vc_custom_1660903588066{padding-top: 50px !important;padding-right: 50px !important;padding-bottom: 50px !important;padding-left: 50px !important;background-color: #ffffff !important;}\u00a0\u00bb][vc_column_text]<\/p>\n<h3><strong>Accompagnement des entreprises dans les\u00a0litiges internationaux<\/strong><\/h3>\n<p><strong>Votre avocat au barreau de Strasbourg intervient dans le cadre de litiges survenus entre une soci\u00e9t\u00e9 fran\u00e7aise et une soci\u00e9t\u00e9 \u00e9trang\u00e8re (responsabilit\u00e9 contractuelle, recouvrement international des cr\u00e9ances, etc.)<\/strong><\/p>\n<p>Ma\u00eetre Karyna Brukhnova d\u00e9fend tant les soci\u00e9t\u00e9s situ\u00e9es \u00e0 l\u2019\u00e9tranger que celles situ\u00e9es en France.<\/p>\n<p>Vous pouvez \u00e9galement b\u00e9n\u00e9ficier de son expertise pour analyser et r\u00e9diger vos contrats internationaux ou obtenir l\u2019ex\u00e9cution en France des d\u00e9cisions \u00e9trang\u00e8res (exequatur).<\/p>\n<p><strong>Ma\u00eetre Karyna Brukhnovavous assiste \u00e9galement dans votre projet d\u2019implantation de votre entreprise en France. <\/strong><\/p>\n<p style=\"text-align: center;\"><a class=\"btn\" href=\"\/contact\">Rendez-vous<\/a><\/p>\n<p>[\/vc_column_text][\/vc_column][vc_column width=\u00a0\u00bb1\/6&Prime;][\/vc_column][\/vc_row]<\/p>\n","protected":false},"excerpt":{"rendered":"<p>[vc_row full_width=\u00a0\u00bbstretch_row\u00a0\u00bb][vc_column][\/vc_column][\/vc_row][vc_row css=\u00a0\u00bb.vc_custom_1461592412245{padding-bottom: 0px !important;background-color: #e9ebee !important;}\u00a0\u00bb][vc_column][vc_empty_space height=\u00a0\u00bb70px\u00a0\u00bb][vc_column_text] Ma\u00eetre Karyna Brukhnova, avocat en droit international \u00e0 Strasbourg Ma\u00eetre Karyna Brukhnova, avocat\u00a0 en droit international \u00e0 Strasbourg, vous propose ses services dans le r\u00e8glement des litiges juridiques dans un contexte international. Votre avocat a pour r\u00f4le de vous conseiller et de d\u00e9fendre vos int\u00e9r\u00eats devant les [&hellip;]<\/p>\n","protected":false},"author":1,"featured_media":0,"parent":0,"menu_order":0,"comment_status":"closed","ping_status":"closed","template":"","meta":[],"yoast_head":"<!-- This site is optimized with the Yoast SEO plugin v20.2.1 - https:\/\/yoast.com\/wordpress\/plugins\/seo\/ -->\n<title>Cabinet d\u2019avocat en droit international \u00e0 Strasbourg<\/title>\n<meta name=\"description\" content=\"Ma\u00eetre Karyna Brukhnova, avocat en droit international \u00e0 Strasbourg, vous accueille dans son cabinet pour vous apporter les meilleurs conseils juridiques.\" \/>\n<meta name=\"robots\" content=\"index, follow, max-snippet:-1, max-image-preview:large, max-video-preview:-1\" \/>\n<link rel=\"canonical\" href=\"https:\/\/www.avocat-brukhnova.com\/?page_id=601\" \/>\n<meta property=\"og:locale\" content=\"fr_FR\" \/>\n<meta property=\"og:type\" content=\"article\" \/>\n<meta property=\"og:title\" content=\"Cabinet d\u2019avocat en droit international \u00e0 Strasbourg\" \/>\n<meta property=\"og:description\" content=\"Ma\u00eetre Karyna Brukhnova, avocat en droit international \u00e0 Strasbourg, vous accueille dans son cabinet pour vous apporter les meilleurs conseils juridiques.\" \/>\n<meta property=\"og:url\" content=\"https:\/\/www.avocat-brukhnova.com\/?page_id=601\" \/>\n<meta property=\"og:site_name\" content=\"Avocat Brukhnova\" \/>\n<meta property=\"article:modified_time\" content=\"2022-10-07T10:33:35+00:00\" \/>\n<meta name=\"twitter:card\" content=\"summary_large_image\" \/>\n<meta name=\"twitter:label1\" content=\"Dur\u00e9e de lecture estim\u00e9e\" \/>\n\t<meta name=\"twitter:data1\" content=\"3 minutes\" \/>\n<script type=\"application\/ld+json\" class=\"yoast-schema-graph\">{\"@context\":\"https:\/\/schema.org\",\"@graph\":[{\"@type\":\"WebPage\",\"@id\":\"https:\/\/www.avocat-brukhnova.com\/?page_id=601\",\"url\":\"https:\/\/www.avocat-brukhnova.com\/?page_id=601\",\"name\":\"Cabinet d\u2019avocat en droit international \u00e0 Strasbourg\",\"isPartOf\":{\"@id\":\"https:\/\/www.avocat-brukhnova.com\/#website\"},\"datePublished\":\"2022-08-18T15:14:48+00:00\",\"dateModified\":\"2022-10-07T10:33:35+00:00\",\"description\":\"Ma\u00eetre Karyna Brukhnova, avocat en droit international \u00e0 Strasbourg, vous accueille dans son cabinet pour vous apporter les meilleurs conseils juridiques.\",\"breadcrumb\":{\"@id\":\"https:\/\/www.avocat-brukhnova.com\/?page_id=601#breadcrumb\"},\"inLanguage\":\"fr-FR\",\"potentialAction\":[{\"@type\":\"ReadAction\",\"target\":[\"https:\/\/www.avocat-brukhnova.com\/?page_id=601\"]}]},{\"@type\":\"BreadcrumbList\",\"@id\":\"https:\/\/www.avocat-brukhnova.com\/?page_id=601#breadcrumb\",\"itemListElement\":[{\"@type\":\"ListItem\",\"position\":1,\"name\":\"Accueil\",\"item\":\"https:\/\/www.avocat-brukhnova.com\/\"},{\"@type\":\"ListItem\",\"position\":2,\"name\":\"Droit international\"}]},{\"@type\":\"WebSite\",\"@id\":\"https:\/\/www.avocat-brukhnova.com\/#website\",\"url\":\"https:\/\/www.avocat-brukhnova.com\/\",\"name\":\"Avocat Brukhnova\",\"description\":\"\",\"publisher\":{\"@id\":\"https:\/\/www.avocat-brukhnova.com\/#organization\"},\"potentialAction\":[{\"@type\":\"SearchAction\",\"target\":{\"@type\":\"EntryPoint\",\"urlTemplate\":\"https:\/\/www.avocat-brukhnova.com\/?s={search_term_string}\"},\"query-input\":\"required name=search_term_string\"}],\"inLanguage\":\"fr-FR\"},{\"@type\":\"Organization\",\"@id\":\"https:\/\/www.avocat-brukhnova.com\/#organization\",\"name\":\"Avocat Brukhnova\",\"url\":\"https:\/\/www.avocat-brukhnova.com\/\",\"logo\":{\"@type\":\"ImageObject\",\"inLanguage\":\"fr-FR\",\"@id\":\"https:\/\/www.avocat-brukhnova.com\/#\/schema\/logo\/image\/\",\"url\":\"https:\/\/www.avocat-brukhnova.com\/wp-content\/uploads\/logo-avocat-brukhnova-nv24-1.png\",\"contentUrl\":\"https:\/\/www.avocat-brukhnova.com\/wp-content\/uploads\/logo-avocat-brukhnova-nv24-1.png\",\"width\":300,\"height\":95,\"caption\":\"Avocat Brukhnova\"},\"image\":{\"@id\":\"https:\/\/www.avocat-brukhnova.com\/#\/schema\/logo\/image\/\"}}]}<\/script>\n<!-- \/ Yoast SEO plugin. -->","yoast_head_json":{"title":"Cabinet d\u2019avocat en droit international \u00e0 Strasbourg","description":"Ma\u00eetre Karyna Brukhnova, avocat en droit international \u00e0 Strasbourg, vous accueille dans son cabinet pour vous apporter les meilleurs conseils juridiques.","robots":{"index":"index","follow":"follow","max-snippet":"max-snippet:-1","max-image-preview":"max-image-preview:large","max-video-preview":"max-video-preview:-1"},"canonical":"https:\/\/www.avocat-brukhnova.com\/?page_id=601","og_locale":"fr_FR","og_type":"article","og_title":"Cabinet d\u2019avocat en droit international \u00e0 Strasbourg","og_description":"Ma\u00eetre Karyna Brukhnova, avocat en droit international \u00e0 Strasbourg, vous accueille dans son cabinet pour vous apporter les meilleurs conseils juridiques.","og_url":"https:\/\/www.avocat-brukhnova.com\/?page_id=601","og_site_name":"Avocat Brukhnova","article_modified_time":"2022-10-07T10:33:35+00:00","twitter_card":"summary_large_image","twitter_misc":{"Dur\u00e9e de lecture estim\u00e9e":"3 minutes"},"schema":{"@context":"https:\/\/schema.org","@graph":[{"@type":"WebPage","@id":"https:\/\/www.avocat-brukhnova.com\/?page_id=601","url":"https:\/\/www.avocat-brukhnova.com\/?page_id=601","name":"Cabinet d\u2019avocat en droit international \u00e0 Strasbourg","isPartOf":{"@id":"https:\/\/www.avocat-brukhnova.com\/#website"},"datePublished":"2022-08-18T15:14:48+00:00","dateModified":"2022-10-07T10:33:35+00:00","description":"Ma\u00eetre Karyna Brukhnova, avocat en droit international \u00e0 Strasbourg, vous accueille dans son cabinet pour vous apporter les meilleurs conseils juridiques.","breadcrumb":{"@id":"https:\/\/www.avocat-brukhnova.com\/?page_id=601#breadcrumb"},"inLanguage":"fr-FR","potentialAction":[{"@type":"ReadAction","target":["https:\/\/www.avocat-brukhnova.com\/?page_id=601"]}]},{"@type":"BreadcrumbList","@id":"https:\/\/www.avocat-brukhnova.com\/?page_id=601#breadcrumb","itemListElement":[{"@type":"ListItem","position":1,"name":"Accueil","item":"https:\/\/www.avocat-brukhnova.com\/"},{"@type":"ListItem","position":2,"name":"Droit international"}]},{"@type":"WebSite","@id":"https:\/\/www.avocat-brukhnova.com\/#website","url":"https:\/\/www.avocat-brukhnova.com\/","name":"Avocat Brukhnova","description":"","publisher":{"@id":"https:\/\/www.avocat-brukhnova.com\/#organization"},"potentialAction":[{"@type":"SearchAction","target":{"@type":"EntryPoint","urlTemplate":"https:\/\/www.avocat-brukhnova.com\/?s={search_term_string}"},"query-input":"required name=search_term_string"}],"inLanguage":"fr-FR"},{"@type":"Organization","@id":"https:\/\/www.avocat-brukhnova.com\/#organization","name":"Avocat Brukhnova","url":"https:\/\/www.avocat-brukhnova.com\/","logo":{"@type":"ImageObject","inLanguage":"fr-FR","@id":"https:\/\/www.avocat-brukhnova.com\/#\/schema\/logo\/image\/","url":"https:\/\/www.avocat-brukhnova.com\/wp-content\/uploads\/logo-avocat-brukhnova-nv24-1.png","contentUrl":"https:\/\/www.avocat-brukhnova.com\/wp-content\/uploads\/logo-avocat-brukhnova-nv24-1.png","width":300,"height":95,"caption":"Avocat Brukhnova"},"image":{"@id":"https:\/\/www.avocat-brukhnova.com\/#\/schema\/logo\/image\/"}}]}},"_links":{"self":[{"href":"https:\/\/www.avocat-brukhnova.com\/index.php?rest_route=\/wp\/v2\/pages\/601"}],"collection":[{"href":"https:\/\/www.avocat-brukhnova.com\/index.php?rest_route=\/wp\/v2\/pages"}],"about":[{"href":"https:\/\/www.avocat-brukhnova.com\/index.php?rest_route=\/wp\/v2\/types\/page"}],"author":[{"embeddable":true,"href":"https:\/\/www.avocat-brukhnova.com\/index.php?rest_route=\/wp\/v2\/users\/1"}],"replies":[{"embeddable":true,"href":"https:\/\/www.avocat-brukhnova.com\/index.php?rest_route=%2Fwp%2Fv2%2Fcomments&post=601"}],"version-history":[{"count":21,"href":"https:\/\/www.avocat-brukhnova.com\/index.php?rest_route=\/wp\/v2\/pages\/601\/revisions"}],"predecessor-version":[{"id":952,"href":"https:\/\/www.avocat-brukhnova.com\/index.php?rest_route=\/wp\/v2\/pages\/601\/revisions\/952"}],"wp:attachment":[{"href":"https:\/\/www.avocat-brukhnova.com\/index.php?rest_route=%2Fwp%2Fv2%2Fmedia&parent=601"}],"curies":[{"name":"wp","href":"https:\/\/api.w.org\/{rel}","templated":true}]}}