{"id":75,"date":"2016-04-20T16:22:37","date_gmt":"2016-04-20T14:22:37","guid":{"rendered":"http:\/\/tommustester.wpengine.com\/?page_id=75"},"modified":"2022-10-07T10:50:28","modified_gmt":"2022-10-07T08:50:28","slug":"home-classic","status":"publish","type":"page","link":"https:\/\/www.avocat-brukhnova.com\/","title":{"rendered":"Accueil"},"content":{"rendered":"<p>[vc_row full_width=\u00a0\u00bbstretch_row\u00a0\u00bb][vc_column]\n\t\t<div class=\"bg--primary imagebg height-60\" data-overlay=\"9\">\n\t\t\t<div class=\"background-image-holder\">\n\t\t\t\t<img width=\"1798\" height=\"1200\" src=\"https:\/\/www.avocat-brukhnova.com\/wp-content\/uploads\/avocat-slider.jpg\" class=\"attachment-full size-full\" alt=\"avocat en droit immobilier \u00e0 Strasbourg avocat en droit international \u00e0 Strasbourg\" decoding=\"async\" loading=\"lazy\" srcset=\"https:\/\/www.avocat-brukhnova.com\/wp-content\/uploads\/avocat-slider.jpg 1798w, https:\/\/www.avocat-brukhnova.com\/wp-content\/uploads\/avocat-slider-300x200.jpg 300w, https:\/\/www.avocat-brukhnova.com\/wp-content\/uploads\/avocat-slider-1024x683.jpg 1024w, https:\/\/www.avocat-brukhnova.com\/wp-content\/uploads\/avocat-slider-768x513.jpg 768w, https:\/\/www.avocat-brukhnova.com\/wp-content\/uploads\/avocat-slider-1536x1025.jpg 1536w\" sizes=\"(max-width: 1798px) 100vw, 1798px\" \/>\n\t\t\t<\/div>\n\t\t\t<div class=\"container pos-vertical-center\">\n\t\t\t\t<div class=\"row\">\n\t\t\t\t\t<div class=\"col-sm-12 wpb_text_column\">\n\t\t\t\t\t\t<\/p>\n<p>&nbsp;<\/p>\n<h1 style=\"text-align: center;\">Ma\u00eetre Karyna Brukhnova<\/h1>\n<p style=\"text-align: center;\">Votre avocat g\u00e9n\u00e9raliste \u00e0 Strasbourg vous accompagne et vous conseille dans vos proc\u00e9dures juridiques<\/p>\n<p>&nbsp;<\/p>\n<p style=\"text-align: right;\"><em>\u00ab\u00a0La diff\u00e9rence entre le possible et l&rsquo;impossible se trouve dans la d\u00e9termination\u00a0\u00bb\u00a0<\/em><\/p>\n<p style=\"text-align: right;\">Mahatma Gandhi<\/p>\n<p>\n\t\t\t\t\t<\/div>\n\t\t\t\t<\/div><!--end of row-->\n\t\t\t<\/div><!--end of container-->\n\t\t<\/div>\n\t[\/vc_column][\/vc_row][vc_row css=\u00a0\u00bb.vc_custom_1461592412245{padding-bottom: 0px !important;background-color: #e9ebee !important;}\u00a0\u00bb][vc_column width=\u00a0\u00bb5\/12&Prime;][vc_empty_space height=\u00a0\u00bb70px\u00a0\u00bb][vc_column_text]<\/p>\n<h2>Avocat g\u00e9n\u00e9raliste \u00e0 Strasbourg<\/h2>\n<p>Vous re\u00e7oit au sein de son cabinet situ\u00e9 au 13 All\u00e9e Des Marquises. Elle vous accueille sur rendez-vous du lundi au vendredi de 8H30 \u00e0 19h.<br \/>\nEn mati\u00e8re d\u2019information et de conseil, le cabinet de Ma\u00eetre Karyna Brukhnova sera votre interlocuteur privil\u00e9gi\u00e9 pour toute question relative \u00e0 vos droits et vos obligations.<br \/>\nA partir de l\u2019\u00e9tude de votre situation et des derni\u00e8res \u00e9volutions en mati\u00e8re l\u00e9gislative ou de jurisprudence, elle vous apporte la solution qui vous convient le mieux.<br \/>\nVotre avocat g\u00e9n\u00e9raliste au barreau de Strasbourg vous conseille, vous assiste et vous accompagne sur diff\u00e9rentes probl\u00e9matiques juridiques relatives au droit de la famille, droit des affaires, droit immobilier, droit p\u00e9nal et droit international.[\/vc_column_text][\/vc_column][vc_column width=\u00a0\u00bb1\/12&Prime;][\/vc_column][vc_column width=\u00a0\u00bb1\/2&Prime; css=\u00a0\u00bb.vc_custom_1660729512270{padding-top: 90px !important;}\u00a0\u00bb][vc_single_image image=\u00a0\u00bb673&Prime; img_size=\u00a0\u00bblarge\u00a0\u00bb][\/vc_column][\/vc_row][vc_row css=\u00a0\u00bb.vc_custom_1660819797624{padding-top: 40px !important;}\u00a0\u00bb][vc_column]\n\t\t<div class=\"icon-title\">\n\t\t\t<span class=\"h6\">Ce que vous devez savoir<\/span>\n\t\t\t<i class=\"icon-compass icon--partner\"><\/i>\n\t\t\t<span class=\"h6\">sur votre avocat<\/span>\n\t\t<\/div>\n\t[vc_column_text]D&rsquo;origine ukrainienne, Ma\u00eetre Karyna Brukhnova a suivi ses \u00e9tudes en Pologne, ensuite, \u00e0 l\u2019Universit\u00e9 de Strasbourg. Au terme de son parcours d\u2019\u00e9tudes, <strong>elle obtient un dipl\u00f4me en droit international priv\u00e9.<\/strong><\/p>\n<p>Dot\u00e9e d\u2019une forte exp\u00e9rience acquise au sein de plusieurs cabinets d\u2019avocats pluridisciplinaires et en juridiction, Ma\u00eetre Karyna Brukhnova est en mesure de vous conseiller, vous assister et vous repr\u00e9senter devant les juridictions civiles, p\u00e9nales ou commerciales.<\/p>\n<p><strong>Alliant savoir-faire et expertise, elle met tout en \u0153uvre pour d\u00e9fendre vos int\u00e9r\u00eats dans les litiges de la vie priv\u00e9e (droit de la famille, droit p\u00e9nal..) et dans ceux concernant votre entreprise (droit des soci\u00e9t\u00e9s, droit commercial).<\/strong><\/p>\n<p>De plus, ma\u00eetrisant plusieurs langues \u00e9trang\u00e8res, votre avocat est en mesure de traiter les dossiers relevant du droit fran\u00e7ais, mais \u00e9galement les litiges ayant une dimension internationale.[\/vc_column_text][\/vc_column][\/vc_row][vc_row el_class=\u00a0\u00bbbg&#8211;primary section&#8211;pullup\u00a0\u00bb css=\u00a0\u00bb.vc_custom_1660735782663{padding-top: 125px !important;padding-bottom: 200px !important;}\u00a0\u00bb][vc_column width=\u00a0\u00bb1\/6&Prime;][\/vc_column][vc_column width=\u00a0\u00bb2\/3&Prime;][vc_column_text]<\/p>\n<h2 style=\"text-align: center;\">Les engagements de Ma\u00eetre Karyna Brukhnova<\/h2>\n<p>[\/vc_column_text][vc_empty_space height=\u00a0\u00bb80px\u00a0\u00bb]<div class=\"tabs-container\"><ul class=\"tabs text-center\">\n\t\t<li>\n\t\t\t<div class=\"tab__title\">\n\t\t\t\t<i class=\"icon--partner icon-briefcase\"><\/i>\n\t\t\t\t<div class=\"ttl\">Avocat \u00e0 Strasbourg<\/div class=\"ttl\">\n\t\t\t<\/div>\n\t\t\t<div class=\"tab__content\">\n\t\t\t\t<p><strong>La premi\u00e8re mission de votre avocat \u00e0 Strasbourg est de vous fournir une r\u00e9ponse ou une solution juridique adapt\u00e9e \u00e0 votre situation<\/strong>. Elle vous accompagne et vous assiste devant les diff\u00e9rentes juridictions, mais \u00e9galement en dehors de toute proc\u00e9dure judiciaire.<\/p>\n<p>Parce que d\u00e9fendre un client n\u2019est pas uniquement un m\u00e9tier mais une vocation, Ma\u00eetre Karyna Brukhnova ne se contente pas d\u2019\u00eatre une technicienne du droit. En effet, <strong>au-del\u00e0 de l\u2019enjeu juridique, elle prend en consid\u00e9ration le facteur humain pour \u00e9laborer une strat\u00e9gie sur mesure.<\/strong><\/p>\n<p>Toujours \u00e0 votre disposition et \u00e0 votre \u00e9coute, votre avocat vous rassure, vous conseille et s\u2019engage \u00e0 traiter votre dossier dans son int\u00e9gralit\u00e9 et sans d\u00e9l\u00e9gation.<\/p>\n\t\n\t\t\t<\/div>\n\t\t<\/li>\n\t<\/ul><\/div>[vc_column_text]<\/p>\n<hr \/>\n<p>[\/vc_column_text][vc_empty_space][\/vc_column][vc_column width=\u00a0\u00bb1\/6&Prime;][\/vc_column][\/vc_row][vc_row full_width=\u00a0\u00bbstretch_row\u00a0\u00bb][vc_column]\n\t\t\t<div class=\"imageblock imageblock--lg bg--secondary\">\n\t\t\t\t<div class=\"imageblock__content col-md-5 col-sm-4 pos-right hidden-xs\">\n\t\t\t\t\t<div class=\"background-image-holder\">\n\t\t\t\t\t\t<img width=\"799\" height=\"1200\" src=\"https:\/\/www.avocat-brukhnova.com\/wp-content\/uploads\/avocat-04.jpg\" class=\"attachment-full size-full\" alt=\"avocat g\u00e9n\u00e9raliste \u00e0 Strasbourg\" decoding=\"async\" loading=\"lazy\" srcset=\"https:\/\/www.avocat-brukhnova.com\/wp-content\/uploads\/avocat-04.jpg 799w, https:\/\/www.avocat-brukhnova.com\/wp-content\/uploads\/avocat-04-200x300.jpg 200w, https:\/\/www.avocat-brukhnova.com\/wp-content\/uploads\/avocat-04-682x1024.jpg 682w, https:\/\/www.avocat-brukhnova.com\/wp-content\/uploads\/avocat-04-768x1153.jpg 768w\" sizes=\"(max-width: 799px) 100vw, 799px\" \/>\n\t\t\t\t\t<\/div>\n\t\t\t\t<\/div>\n\t\t\t\n\t\t\t\t<div class=\"container\">\n\t\t\t\t\t<div class=\"row\">\n\t\t\t\t\t\t<div class=\"col-md-5 col-sm-7\">\n\t\t\t\t\t\t\t\n\t\t<div class=\"icon-title\">\n\t\t\t<span class=\"h6\"><\/span>\n\t\t\t<i class=\" icon--partner\"><\/i>\n\t\t\t<span class=\"h6\">Ma\u00eetre Karyna Brukhnova<\/span>\n\t\t<\/div>\n\t[vc_column_text]<\/p>\n<h2 style=\"text-align: center;\">Les valeurs fondamentales du cabinet<\/h2>\n<p style=\"text-align: center;\"><strong>Le cabinet pluridisciplinaire de Ma\u00eetre Karyna Brukhnova s\u2019est principalement construit autour de fortes valeurs \u00e9thiques et autour du respect le plus strict de la d\u00e9ontologie de sa profession<\/strong>\u00a0:<\/p>\n<p>[\/vc_column_text]\n\t\t\t\t\t\t<\/div>\n\t\t\t\t\t<\/div><!--end of row-->\n\t\t\t\t<\/div><!--end of container-->\n\t\t\t<\/div>\n\t\t[\/vc_column][\/vc_row][vc_row hover_title=\u00a0\u00bbBoxed Icon Features\u00a0\u00bb][vc_column width=\u00a0\u00bb1\/3&Prime;]\n\t\t\t<div class=\"icon-feature boxed boxed--sm boxed--border\">\n\t\t\t\t\n\t\t\t\t<div class=\"icon-feature__title\">\n\t\t\t\t\t<i class=\"icon-strategy\"><\/i>\n\t\t\t\t\t<h2 class=\"icstr\">Ecoute<\/h2> <!-- modifi\u00e9 le 07\/10\/2022 (h4) -->\n\t\t\t\t<\/div>\n<p style=\"text-align: center;\">\u00a0Disponible, votre avocat est l\u00e0 pour comprendre vos besoins et r\u00e9fl\u00e9chir \u00e0 la meilleure solution pour satisfaire au mieux vos attentes.<\/p>\n<p>\n\n\t\t\t\t\n\t\t\t<\/div>\n\t\t[vc_empty_space]\n\t\t\t<div class=\"icon-feature boxed boxed--sm boxed--border\">\n\t\t\t\t\n\t\t\t\t<div class=\"icon-feature__title\">\n\t\t\t\t\t<i class=\"icon-strategy\"><\/i>\n\t\t\t\t\t<h2 class=\"icstr\">Disponibilit\u00e9<\/h2> <!-- modifi\u00e9 le 07\/10\/2022 (h4) -->\n\t\t\t\t<\/div>\n<p style=\"text-align: center;\">Votre avocat n\u2019a pas de limite g\u00e9ographique et linguistique. En effet, Ma\u00eetre Brukhnova est en mesure de vous repr\u00e9senter <strong>devant les diff\u00e9rentes juridictions sur tout le territoire fran\u00e7ais <\/strong>et travailler en <strong>fran\u00e7ais, en anglais, en ukrainien, en russe et en polonais<\/strong>.<\/p>\n<p>\n\n\t\t\t\t\n\t\t\t<\/div>\n\t\t[\/vc_column][vc_column width=\u00a0\u00bb1\/3&Prime;]\n\t\t\t<div class=\"icon-feature boxed boxed--sm boxed--border\">\n\t\t\t\t\n\t\t\t\t<div class=\"icon-feature__title\">\n\t\t\t\t\t<i class=\"icon-compass\"><\/i>\n\t\t\t\t\t<h2 class=\"icstr\">Confidentialit\u00e9<\/h2> <!-- modifi\u00e9 le 07\/10\/2022 (h4) -->\n\t\t\t\t<\/div>\n<p style=\"text-align: center;\">Votre avocat s\u2019engage \u00e0 faire preuve de la plus grande discr\u00e9tion et assure un strict respect de la confidentialit\u00e9. Tout ce qui sedit au sein de son cabinet y reste. Cette confidentialit\u00e9 est <strong>le gage d\u2019une relation de confiance<\/strong> \u00e0 long terme.<\/p>\n<p>\n\n\t\t\t\t\n\t\t\t<\/div>\n\t\t[vc_empty_space]\n\t\t\t<div class=\"icon-feature boxed boxed--sm boxed--border\">\n\t\t\t\t\n\t\t\t\t<div class=\"icon-feature__title\">\n\t\t\t\t\t<i class=\"icon-compass\"><\/i>\n\t\t\t\t\t<h2 class=\"icstr\">Transparence<\/h2> <!-- modifi\u00e9 le 07\/10\/2022 (h4) -->\n\t\t\t\t<\/div>\n<p style=\"text-align: center;\">Le cabinet de Ma\u00eetre Karyna Brukhnova s&rsquo;engage \u00e0 privil\u00e9gier une transparence parfaite avec le client. Durant toutes les phases de votre dossier, <strong>votre avocat garantit une communication r\u00e9guli\u00e8re permettant un suivi de qualit\u00e9 de votre affaire.<\/strong><\/p>\n<p>\n\n\t\t\t\t\n\t\t\t<\/div>\n\t\t[\/vc_column][vc_column width=\u00a0\u00bb1\/3&Prime;]\n\t\t\t<div class=\"icon-feature boxed boxed--sm boxed--border\">\n\t\t\t\t\n\t\t\t\t<div class=\"icon-feature__title\">\n\t\t\t\t\t<i class=\"icon-compass\"><\/i>\n\t\t\t\t\t<h2 class=\"icstr\">R\u00e9activit\u00e9<\/h2> <!-- modifi\u00e9 le 07\/10\/2022 (h4) -->\n\t\t\t\t<\/div>\n<p style=\"text-align: center;\">Ayant une parfaite ma\u00eetrise de la l\u00e9gislation nationale et internationale, Ma\u00eetre Karyna Brukhnova intervient rapidement et efficacement dans la d\u00e9fense de vos int\u00e9r\u00eats.<\/p>\n<p>\n\n\t\t\t\t\n\t\t\t<\/div>\n\t\t[vc_empty_space]\n\t\t\t<div class=\"icon-feature boxed boxed--sm boxed--border\">\n\t\t\t\t\n\t\t\t\t<div class=\"icon-feature__title\">\n\t\t\t\t\t<i class=\"icon-compass\"><\/i>\n\t\t\t\t\t<h2 class=\"icstr\">Efficacit\u00e9<\/h2> <!-- modifi\u00e9 le 07\/10\/2022 (h4) -->\n\t\t\t\t<\/div>\n<p style=\"text-align: center;\">A jour des \u00e9volutions l\u00e9gislatives et jurisprudentielles, votre avocat vous offre la meilleure prestation adapt\u00e9e \u00e0 votre situation.<\/p>\n<p>\n\n\t\t\t\t\n\t\t\t<\/div>\n\t\t[\/vc_column][\/vc_row][vc_row][vc_column][vc_column_text css=\u00a0\u00bb.vc_custom_1664976597198{padding-top: 30px !important;padding-bottom: 30px !important;}\u00a0\u00bb]<\/p>\n<h2 style=\"text-align: center;\">Domaines d\u2019intervention de votre avocat g\u00e9n\u00e9raliste \u00e0 Strasbourg<\/h2>\n<p>[\/vc_column_text][vc_column_text]<\/p>\n<p style=\"text-align: center;\">Que vous soyez particulier ou professionnel, <strong>le cabinet pluridisciplinaire de Ma\u00eetre Karyna Brukhnova vous accompagne dans divers domaines juridiques.\u00a0 <\/strong><\/p>\n<p>[\/vc_column_text][\/vc_column][\/vc_row][vc_row hover_title=\u00a0\u00bbOne Panel Open\u00a0\u00bb][vc_column width=\u00a0\u00bb2\/12&Prime;][\/vc_column][vc_column width=\u00a0\u00bb8\/12&Prime;]<ul class=\"accordion accordion--oneopen\">\n\t\t<li>\n\t\t\t<div class=\"accordion__title text-center\">\n\t\t\t\t<span class=\"h6\">Droit de la famille : humanit\u00e9 et empathie<\/span>\n\t\t\t<\/div>\n\t\t\t<div class=\"accordion__content\">\n\t\t\t\t<p>Divorce<br \/>\nPartage<br \/>\nR\u00e9sidence des enfants mineurs et la mise en place d\u2019un droit de visite et d\u2019h\u00e9bergement<br \/>\nPension alimentaire<br \/>\nAdoption<br \/>\nChoix du r\u00e9gime matrimonial<\/p>\n\n\t\t\t<\/div>\n\t\t<\/li>\n\t\n\t\t<li>\n\t\t\t<div class=\"accordion__title text-center\">\n\t\t\t\t<span class=\"h6\">Droit des affaires : expertise et r\u00e9activit\u00e9<\/span>\n\t\t\t<\/div>\n\t\t\t<div class=\"accordion__content\">\n\t\t\t\t<p>Conseil et contentieux<br \/>\nCr\u00e9ation d\u2019une soci\u00e9t\u00e9<br \/>\nImplantation d\u2019une soci\u00e9t\u00e9 \u00e9trang\u00e8re en France<br \/>\n\u00c9tablissement ou mise en conformit\u00e9 des contrats<br \/>\nAccompagnement en cas de litige<br \/>\nRecouvrement des cr\u00e9ances<br \/>\nProc\u00e9dures collectives (redressement judiciaire, liquidation judiciaire, etc.)<\/p>\n\n\t\t\t<\/div>\n\t\t<\/li>\n\t\n\t\t<li>\n\t\t\t<div class=\"accordion__title text-center\">\n\t\t\t\t<span class=\"h6\">Droit international : accompagnement personnalis\u00e9 et global<\/span>\n\t\t\t<\/div>\n\t\t\t<div class=\"accordion__content\">\n\t\t\t\t<p>\u00c9tablissement des certificats de coutume<br \/>\nEx\u00e9cution en France des d\u00e9cisions \u00e9trang\u00e8res<br \/>\nChoix de la loi applicable au r\u00e9gime matrimonial<br \/>\nReconnaissance et transcription des divorces prononc\u00e9s \u00e0 l\u2019\u00e9tranger<br \/>\nEnl\u00e8vement international d\u2019enfants<br \/>\nDivorce international<br \/>\nAccompagnement des entreprises \u00e9trang\u00e8res<br \/>\nConseil et r\u00e9daction des contrats \u00e0 dimension internationale<\/p>\n\n\t\t\t<\/div>\n\t\t<\/li>\n\t\n\t\t<li>\n\t\t\t<div class=\"accordion__title text-center\">\n\t\t\t\t<span class=\"h6\">Droit immobilier : strat\u00e9gie sur mesure pour s\u00e9curiser vos projets ou r\u00e9soudre un conflit<\/span>\n\t\t\t<\/div>\n\t\t\t<div class=\"accordion__content\">\n\t\t\t\t<p>Litiges locatifs : propri\u00e9taire ou locataire<br \/>\nConflits de voisinage<br \/>\nVices de construction, malfa\u00e7ons, etc.<br \/>\nAccompagnement lors des expertises amiables ou judiciaires<br \/>\nLitiges de copropri\u00e9t\u00e9<\/p>\n\n\t\t\t<\/div>\n\t\t<\/li>\n\t\n\t\t<li>\n\t\t\t<div class=\"accordion__title text-center\">\n\t\t\t\t<span class=\"h6\">Droit p\u00e9nal : pugnacit\u00e9 et rigueur pour garantir une d\u00e9fense efficace<\/span>\n\t\t\t<\/div>\n\t\t\t<div class=\"accordion__content\">\n\t\t\t\t<p>Pr\u00e9venu ou victime<br \/>\nTout type d\u2019infractions<br \/>\nAssistance \u00e0 toutes les \u00e9tapes de la proc\u00e9dure de la garde \u00e0 vue jusqu\u2019au jugement<br \/>\nAm\u00e9nagement des peines<br \/>\nIndemnisation de la d\u00e9tention provisoire abusive<br \/>\nTransf\u00e8rement d\u2019un d\u00e9tenu dans son pays d\u2019origine<\/p>\n\n\t\t\t<\/div>\n\t\t<\/li>\n\t<\/ul>[\/vc_column][vc_column width=\u00a0\u00bb2\/12&Prime;][\/vc_column][\/vc_row]<\/p>\n","protected":false},"excerpt":{"rendered":"<p>[vc_row full_width=\u00a0\u00bbstretch_row\u00a0\u00bb][vc_column][\/vc_column][\/vc_row][vc_row css=\u00a0\u00bb.vc_custom_1461592412245{padding-bottom: 0px !important;background-color: #e9ebee !important;}\u00a0\u00bb][vc_column width=\u00a0\u00bb5\/12&Prime;][vc_empty_space height=\u00a0\u00bb70px\u00a0\u00bb][vc_column_text] Avocat g\u00e9n\u00e9raliste \u00e0 Strasbourg Vous re\u00e7oit au sein de son cabinet situ\u00e9 au 13 All\u00e9e Des Marquises. Elle vous accueille sur rendez-vous du lundi au vendredi de 8H30 \u00e0 19h. En mati\u00e8re d\u2019information et de conseil, le cabinet de Ma\u00eetre Karyna Brukhnova sera votre interlocuteur privil\u00e9gi\u00e9 [&hellip;]<\/p>\n","protected":false},"author":1,"featured_media":0,"parent":0,"menu_order":100,"comment_status":"closed","ping_status":"closed","template":"","meta":[],"yoast_head":"<!-- This site is optimized with the Yoast SEO plugin v20.2.1 - https:\/\/yoast.com\/wordpress\/plugins\/seo\/ -->\n<title>Cabinet d\u2019avocat g\u00e9n\u00e9raliste \u00e0 Strasbourg<\/title>\n<meta name=\"description\" content=\"Ma\u00eetre Karyna Brukhnova, avocat g\u00e9n\u00e9raliste \u00e0 Strasbourg, vous accompagne et vous conseille dans les divers domaines juridiques.\" \/>\n<meta name=\"robots\" content=\"index, follow, max-snippet:-1, max-image-preview:large, max-video-preview:-1\" \/>\n<link rel=\"canonical\" href=\"https:\/\/www.avocat-brukhnova.com\/\" \/>\n<meta property=\"og:locale\" content=\"fr_FR\" \/>\n<meta property=\"og:type\" content=\"article\" \/>\n<meta property=\"og:title\" content=\"Cabinet d\u2019avocat g\u00e9n\u00e9raliste \u00e0 Strasbourg\" \/>\n<meta property=\"og:description\" content=\"Ma\u00eetre Karyna Brukhnova, avocat g\u00e9n\u00e9raliste \u00e0 Strasbourg, vous accompagne et vous conseille dans les divers domaines juridiques.\" \/>\n<meta property=\"og:url\" content=\"https:\/\/www.avocat-brukhnova.com\/\" \/>\n<meta property=\"og:site_name\" content=\"Avocat Brukhnova\" \/>\n<meta property=\"article:modified_time\" content=\"2022-10-07T08:50:28+00:00\" \/>\n<meta name=\"twitter:card\" content=\"summary_large_image\" \/>\n<meta name=\"twitter:label1\" content=\"Dur\u00e9e de lecture estim\u00e9e\" \/>\n\t<meta name=\"twitter:data1\" content=\"5 minutes\" \/>\n<script type=\"application\/ld+json\" class=\"yoast-schema-graph\">{\"@context\":\"https:\/\/schema.org\",\"@graph\":[{\"@type\":\"WebPage\",\"@id\":\"https:\/\/www.avocat-brukhnova.com\/\",\"url\":\"https:\/\/www.avocat-brukhnova.com\/\",\"name\":\"Cabinet d\u2019avocat g\u00e9n\u00e9raliste \u00e0 Strasbourg\",\"isPartOf\":{\"@id\":\"https:\/\/www.avocat-brukhnova.com\/#website\"},\"datePublished\":\"2016-04-20T14:22:37+00:00\",\"dateModified\":\"2022-10-07T08:50:28+00:00\",\"description\":\"Ma\u00eetre Karyna Brukhnova, avocat g\u00e9n\u00e9raliste \u00e0 Strasbourg, vous accompagne et vous conseille dans les divers domaines juridiques.\",\"breadcrumb\":{\"@id\":\"https:\/\/www.avocat-brukhnova.com\/#breadcrumb\"},\"inLanguage\":\"fr-FR\",\"potentialAction\":[{\"@type\":\"ReadAction\",\"target\":[\"https:\/\/www.avocat-brukhnova.com\/\"]}]},{\"@type\":\"BreadcrumbList\",\"@id\":\"https:\/\/www.avocat-brukhnova.com\/#breadcrumb\",\"itemListElement\":[{\"@type\":\"ListItem\",\"position\":1,\"name\":\"Accueil\",\"item\":\"https:\/\/www.avocat-brukhnova.com\/\"},{\"@type\":\"ListItem\",\"position\":2,\"name\":\"Accueil\"}]},{\"@type\":\"WebSite\",\"@id\":\"https:\/\/www.avocat-brukhnova.com\/#website\",\"url\":\"https:\/\/www.avocat-brukhnova.com\/\",\"name\":\"Avocat Brukhnova\",\"description\":\"\",\"publisher\":{\"@id\":\"https:\/\/www.avocat-brukhnova.com\/#organization\"},\"potentialAction\":[{\"@type\":\"SearchAction\",\"target\":{\"@type\":\"EntryPoint\",\"urlTemplate\":\"https:\/\/www.avocat-brukhnova.com\/?s={search_term_string}\"},\"query-input\":\"required name=search_term_string\"}],\"inLanguage\":\"fr-FR\"},{\"@type\":\"Organization\",\"@id\":\"https:\/\/www.avocat-brukhnova.com\/#organization\",\"name\":\"Avocat Brukhnova\",\"url\":\"https:\/\/www.avocat-brukhnova.com\/\",\"logo\":{\"@type\":\"ImageObject\",\"inLanguage\":\"fr-FR\",\"@id\":\"https:\/\/www.avocat-brukhnova.com\/#\/schema\/logo\/image\/\",\"url\":\"https:\/\/www.avocat-brukhnova.com\/wp-content\/uploads\/logo-avocat-brukhnova-nv24-1.png\",\"contentUrl\":\"https:\/\/www.avocat-brukhnova.com\/wp-content\/uploads\/logo-avocat-brukhnova-nv24-1.png\",\"width\":300,\"height\":95,\"caption\":\"Avocat Brukhnova\"},\"image\":{\"@id\":\"https:\/\/www.avocat-brukhnova.com\/#\/schema\/logo\/image\/\"}}]}<\/script>\n<!-- \/ Yoast SEO plugin. -->","yoast_head_json":{"title":"Cabinet d\u2019avocat g\u00e9n\u00e9raliste \u00e0 Strasbourg","description":"Ma\u00eetre Karyna Brukhnova, avocat g\u00e9n\u00e9raliste \u00e0 Strasbourg, vous accompagne et vous conseille dans les divers domaines juridiques.","robots":{"index":"index","follow":"follow","max-snippet":"max-snippet:-1","max-image-preview":"max-image-preview:large","max-video-preview":"max-video-preview:-1"},"canonical":"https:\/\/www.avocat-brukhnova.com\/","og_locale":"fr_FR","og_type":"article","og_title":"Cabinet d\u2019avocat g\u00e9n\u00e9raliste \u00e0 Strasbourg","og_description":"Ma\u00eetre Karyna Brukhnova, avocat g\u00e9n\u00e9raliste \u00e0 Strasbourg, vous accompagne et vous conseille dans les divers domaines juridiques.","og_url":"https:\/\/www.avocat-brukhnova.com\/","og_site_name":"Avocat Brukhnova","article_modified_time":"2022-10-07T08:50:28+00:00","twitter_card":"summary_large_image","twitter_misc":{"Dur\u00e9e de lecture estim\u00e9e":"5 minutes"},"schema":{"@context":"https:\/\/schema.org","@graph":[{"@type":"WebPage","@id":"https:\/\/www.avocat-brukhnova.com\/","url":"https:\/\/www.avocat-brukhnova.com\/","name":"Cabinet d\u2019avocat g\u00e9n\u00e9raliste \u00e0 Strasbourg","isPartOf":{"@id":"https:\/\/www.avocat-brukhnova.com\/#website"},"datePublished":"2016-04-20T14:22:37+00:00","dateModified":"2022-10-07T08:50:28+00:00","description":"Ma\u00eetre Karyna Brukhnova, avocat g\u00e9n\u00e9raliste \u00e0 Strasbourg, vous accompagne et vous conseille dans les divers domaines juridiques.","breadcrumb":{"@id":"https:\/\/www.avocat-brukhnova.com\/#breadcrumb"},"inLanguage":"fr-FR","potentialAction":[{"@type":"ReadAction","target":["https:\/\/www.avocat-brukhnova.com\/"]}]},{"@type":"BreadcrumbList","@id":"https:\/\/www.avocat-brukhnova.com\/#breadcrumb","itemListElement":[{"@type":"ListItem","position":1,"name":"Accueil","item":"https:\/\/www.avocat-brukhnova.com\/"},{"@type":"ListItem","position":2,"name":"Accueil"}]},{"@type":"WebSite","@id":"https:\/\/www.avocat-brukhnova.com\/#website","url":"https:\/\/www.avocat-brukhnova.com\/","name":"Avocat Brukhnova","description":"","publisher":{"@id":"https:\/\/www.avocat-brukhnova.com\/#organization"},"potentialAction":[{"@type":"SearchAction","target":{"@type":"EntryPoint","urlTemplate":"https:\/\/www.avocat-brukhnova.com\/?s={search_term_string}"},"query-input":"required name=search_term_string"}],"inLanguage":"fr-FR"},{"@type":"Organization","@id":"https:\/\/www.avocat-brukhnova.com\/#organization","name":"Avocat Brukhnova","url":"https:\/\/www.avocat-brukhnova.com\/","logo":{"@type":"ImageObject","inLanguage":"fr-FR","@id":"https:\/\/www.avocat-brukhnova.com\/#\/schema\/logo\/image\/","url":"https:\/\/www.avocat-brukhnova.com\/wp-content\/uploads\/logo-avocat-brukhnova-nv24-1.png","contentUrl":"https:\/\/www.avocat-brukhnova.com\/wp-content\/uploads\/logo-avocat-brukhnova-nv24-1.png","width":300,"height":95,"caption":"Avocat Brukhnova"},"image":{"@id":"https:\/\/www.avocat-brukhnova.com\/#\/schema\/logo\/image\/"}}]}},"_links":{"self":[{"href":"https:\/\/www.avocat-brukhnova.com\/index.php?rest_route=\/wp\/v2\/pages\/75"}],"collection":[{"href":"https:\/\/www.avocat-brukhnova.com\/index.php?rest_route=\/wp\/v2\/pages"}],"about":[{"href":"https:\/\/www.avocat-brukhnova.com\/index.php?rest_route=\/wp\/v2\/types\/page"}],"author":[{"embeddable":true,"href":"https:\/\/www.avocat-brukhnova.com\/index.php?rest_route=\/wp\/v2\/users\/1"}],"replies":[{"embeddable":true,"href":"https:\/\/www.avocat-brukhnova.com\/index.php?rest_route=%2Fwp%2Fv2%2Fcomments&post=75"}],"version-history":[{"count":85,"href":"https:\/\/www.avocat-brukhnova.com\/index.php?rest_route=\/wp\/v2\/pages\/75\/revisions"}],"predecessor-version":[{"id":930,"href":"https:\/\/www.avocat-brukhnova.com\/index.php?rest_route=\/wp\/v2\/pages\/75\/revisions\/930"}],"wp:attachment":[{"href":"https:\/\/www.avocat-brukhnova.com\/index.php?rest_route=%2Fwp%2Fv2%2Fmedia&parent=75"}],"curies":[{"name":"wp","href":"https:\/\/api.w.org\/{rel}","templated":true}]}}